{"id":246,"date":"2015-07-01T13:42:22","date_gmt":"2015-07-01T11:42:22","guid":{"rendered":"http:\/\/www.sigmund-schuckert-gymnasium.de\/wordpress\/?page_id=246"},"modified":"2017-11-28T13:40:44","modified_gmt":"2017-11-28T12:40:44","slug":"blaeserklasse","status":"publish","type":"page","link":"https:\/\/www.sigmund-schuckert-gymnasium.de\/wordpress\/blaeserklasse\/","title":{"rendered":"Bl\u00e4serklasse"},"content":{"rendered":"<p style=\"text-align: center;\"><span style=\"font-size: 16pt;\"><strong>Bl\u00e4serklasse 2017<\/strong><\/span><\/p>\n<p><img loading=\"lazy\" decoding=\"async\" class=\"alignright size-full wp-image-2950\" src=\"https:\/\/www.sigmund-schuckert-gymnasium.de\/wordpress\/wp-content\/uploads\/2017\/11\/Bl\u00e4serklassen-2017-2.jpg\" alt=\"\" width=\"4617\" height=\"2230\" srcset=\"https:\/\/www.sigmund-schuckert-gymnasium.de\/wordpress\/wp-content\/uploads\/2017\/11\/Bl\u00e4serklassen-2017-2.jpg 4617w, https:\/\/www.sigmund-schuckert-gymnasium.de\/wordpress\/wp-content\/uploads\/2017\/11\/Bl\u00e4serklassen-2017-2-300x145.jpg 300w, https:\/\/www.sigmund-schuckert-gymnasium.de\/wordpress\/wp-content\/uploads\/2017\/11\/Bl\u00e4serklassen-2017-2-768x371.jpg 768w, https:\/\/www.sigmund-schuckert-gymnasium.de\/wordpress\/wp-content\/uploads\/2017\/11\/Bl\u00e4serklassen-2017-2-1024x495.jpg 1024w, https:\/\/www.sigmund-schuckert-gymnasium.de\/wordpress\/wp-content\/uploads\/2017\/11\/Bl\u00e4serklassen-2017-2-700x338.jpg 700w, https:\/\/www.sigmund-schuckert-gymnasium.de\/wordpress\/wp-content\/uploads\/2017\/11\/Bl\u00e4serklassen-2017-2-332x160.jpg 332w\" sizes=\"auto, (max-width: 4617px) 100vw, 4617px\" \/><\/p>\n<p style=\"text-align: center;\"><span style=\"font-size: 16pt;\"><strong>Bl\u00e4serklasse 2016<\/strong><\/span><\/p>\n<p><img loading=\"lazy\" decoding=\"async\" src=\"https:\/\/www.sigmund-schuckert-gymnasium.de\/joomlaneu\/images\/Blaeserklassen-2016.jpg\" width=\"800\" height=\"547\" border=\"0\" \/><\/p>\n<p style=\"text-align: justify;\">Auch im kommenden Schuljahr wollen wir wieder eine Bl\u00e4serklasse an unserer Schule einrichten. Damit wird die Bl\u00e4serklasse nun zu einem Angebot, das wir unseren F\u00fcnftkl\u00e4sslern regelm\u00e4\u00dfig machen k\u00f6nnen. Bl\u00e4serklasse bedeutet Musizieren mit Instrumenten im Klassenverband und wird anstelle des normalen Musikunterrichtes angeboten. Alle wichtigen Informationen finden Sie auf unserem <a href=\"https:\/\/www.sigmund-schuckert-gymnasium.de\/pdfs\/Blaeserklasse.pdf\" target=\"_blank\" rel=\"noopener\">Handzettel<\/a>. Sollten dann noch Fragen offen sein, wenden Sie sich bitte an Herrn Kreller, den Leiter der Bl\u00e4serklasse (<span id=\"cloak68565\"><a href=\"mailto:n.kreller@sigmund-schuckert-gymnasium.de\">n.kreller@sigmund-schuckert-gymnasium.de<\/a><\/span>). Herr Kreller wird als Deutschlehrer gleichzeitig auch der Klassleiter der Bl\u00e4serklassensch\u00fcler sein.<\/p>\n<p style=\"text-align: center;\"><span style=\"font-size: 16pt;\"><strong>Bl\u00e4serklassen beim Sunday Night Orchestra<\/strong><\/span><\/p>\n<p><a href=\"https:\/\/www.sigmund-schuckert-gymnasium.de\/wordpress\/wp-content\/uploads\/2016\/03\/BK-Sunday-Night.jpg\" rel=\"attachment wp-att-918\"><img loading=\"lazy\" decoding=\"async\" class=\"wp-image-918 aligncenter\" src=\"https:\/\/www.sigmund-schuckert-gymnasium.de\/wordpress\/wp-content\/uploads\/2016\/03\/BK-Sunday-Night.jpg\" alt=\"BK Sunday Night\" width=\"627\" height=\"309\" \/><\/a><\/p>\n<p>Auf Einladung von Herrn Prof. J\u00fcrgen Neudert durften Mitglieder der Bl\u00e4serklassen 5f und 6e, des Kleinen Blasorchesters und der Kleinen Big Band bei der Probe der Band am Sonntagnachmittag zuh\u00f6ren.<\/p>\n<p>Die Sch\u00fcler waren beeindruckt, wie sich K\u00f6nnen, Professionalit\u00e4t und gro\u00dfer Spa\u00df an der Musik hier pr\u00e4sentierten. Au\u00dferdem hatten sie Gelegenheit, ein Spitzenensemble, in dem sich herausragende Musiker aus der deutschen Musikszene an jedem letzten Sonntag im Monat zusammenfinden, einmal live zu erleben.<\/p>\n<p>&nbsp;<\/p>\n<p style=\"text-align: center;\"><span style=\"font-size: 18pt;\"><strong>Bl\u00e4serklassen 2015<\/strong><\/span><\/p>\n<div class=\"item-page\">\n<p><img loading=\"lazy\" decoding=\"async\" src=\"https:\/\/www.sigmund-schuckert-gymnasium.de\/joomlaneu\/images\/Blaserklasse.jpg\" alt=\"\" width=\"800\" height=\"547\" border=\"0\" \/><\/p>\n<p>&nbsp;<\/p>\n<\/div>\n","protected":false},"excerpt":{"rendered":"<p>Bl\u00e4serklasse 2017 Bl\u00e4serklasse 2016 Auch im kommenden Schuljahr wollen wir wieder eine Bl\u00e4serklasse an unserer<\/p>\n","protected":false},"author":1,"featured_media":0,"parent":0,"menu_order":0,"comment_status":"closed","ping_status":"closed","template":"","meta":{"cybocfi_hide_featured_image":"","footnotes":""},"class_list":["post-246","page","type-page","status-publish","hentry"],"_links":{"self":[{"href":"https:\/\/www.sigmund-schuckert-gymnasium.de\/wordpress\/wp-json\/wp\/v2\/pages\/246","targetHints":{"allow":["GET"]}}],"collection":[{"href":"https:\/\/www.sigmund-schuckert-gymnasium.de\/wordpress\/wp-json\/wp\/v2\/pages"}],"about":[{"href":"https:\/\/www.sigmund-schuckert-gymnasium.de\/wordpress\/wp-json\/wp\/v2\/types\/page"}],"author":[{"embeddable":true,"href":"https:\/\/www.sigmund-schuckert-gymnasium.de\/wordpress\/wp-json\/wp\/v2\/users\/1"}],"replies":[{"embeddable":true,"href":"https:\/\/www.sigmund-schuckert-gymnasium.de\/wordpress\/wp-json\/wp\/v2\/comments?post=246"}],"version-history":[{"count":7,"href":"https:\/\/www.sigmund-schuckert-gymnasium.de\/wordpress\/wp-json\/wp\/v2\/pages\/246\/revisions"}],"predecessor-version":[{"id":2951,"href":"https:\/\/www.sigmund-schuckert-gymnasium.de\/wordpress\/wp-json\/wp\/v2\/pages\/246\/revisions\/2951"}],"wp:attachment":[{"href":"https:\/\/www.sigmund-schuckert-gymnasium.de\/wordpress\/wp-json\/wp\/v2\/media?parent=246"}],"curies":[{"name":"wp","href":"https:\/\/api.w.org\/{rel}","templated":true}]}}