{"id":212,"date":"2015-07-01T13:38:45","date_gmt":"2015-07-01T11:38:45","guid":{"rendered":"http:\/\/www.sigmund-schuckert-gymnasium.de\/wordpress\/?page_id=212"},"modified":"2026-03-31T11:24:48","modified_gmt":"2026-03-31T09:24:48","slug":"elternbeirat","status":"publish","type":"page","link":"https:\/\/www.sigmund-schuckert-gymnasium.de\/wordpress\/miteinander\/elternbeirat\/","title":{"rendered":"Elternbeirat"},"content":{"rendered":"<p><img loading=\"lazy\" decoding=\"async\" class=\"alignright wp-image-1799\" src=\"https:\/\/www.sigmund-schuckert-gymnasium.de\/wordpress\/wp-content\/uploads\/2016\/11\/EB-SSG-Logo-neu.jpg\" alt=\"eb-ssg-logo-neu\" width=\"258\" height=\"104\" srcset=\"https:\/\/www.sigmund-schuckert-gymnasium.de\/wordpress\/wp-content\/uploads\/2016\/11\/EB-SSG-Logo-neu.jpg 826w, https:\/\/www.sigmund-schuckert-gymnasium.de\/wordpress\/wp-content\/uploads\/2016\/11\/EB-SSG-Logo-neu-300x121.jpg 300w, https:\/\/www.sigmund-schuckert-gymnasium.de\/wordpress\/wp-content\/uploads\/2016\/11\/EB-SSG-Logo-neu-768x310.jpg 768w, https:\/\/www.sigmund-schuckert-gymnasium.de\/wordpress\/wp-content\/uploads\/2016\/11\/EB-SSG-Logo-neu-700x282.jpg 700w, https:\/\/www.sigmund-schuckert-gymnasium.de\/wordpress\/wp-content\/uploads\/2016\/11\/EB-SSG-Logo-neu-332x134.jpg 332w\" sizes=\"auto, (max-width: 258px) 100vw, 258px\" \/><\/p>\n<h2>Mitglieder des Elternbeirats<br \/>\n2024\/25 &amp; 2025\/26<\/h2>\n<p><img loading=\"lazy\" decoding=\"async\" class=\"alignright wp-image-8626 size-full\" src=\"https:\/\/www.sigmund-schuckert-gymnasium.de\/wordpress\/wp-content\/uploads\/2026\/03\/EB-Mitglieder-Gruppenbild-2026-1.png\" alt=\"\" width=\"1902\" height=\"1014\" srcset=\"https:\/\/www.sigmund-schuckert-gymnasium.de\/wordpress\/wp-content\/uploads\/2026\/03\/EB-Mitglieder-Gruppenbild-2026-1.png 1902w, https:\/\/www.sigmund-schuckert-gymnasium.de\/wordpress\/wp-content\/uploads\/2026\/03\/EB-Mitglieder-Gruppenbild-2026-1-300x160.png 300w, https:\/\/www.sigmund-schuckert-gymnasium.de\/wordpress\/wp-content\/uploads\/2026\/03\/EB-Mitglieder-Gruppenbild-2026-1-1024x546.png 1024w, https:\/\/www.sigmund-schuckert-gymnasium.de\/wordpress\/wp-content\/uploads\/2026\/03\/EB-Mitglieder-Gruppenbild-2026-1-768x409.png 768w, https:\/\/www.sigmund-schuckert-gymnasium.de\/wordpress\/wp-content\/uploads\/2026\/03\/EB-Mitglieder-Gruppenbild-2026-1-1536x819.png 1536w\" sizes=\"auto, (max-width: 1902px) 100vw, 1902px\" \/><\/p>\n<table>\n<tbody>\n<tr>\n<td><\/td>\n<th><strong>Name<\/strong><\/th>\n<th><strong>Funktion<\/strong><\/th>\n<th><strong>Kind(er) in Klasse<\/strong><\/th>\n<\/tr>\n<tr>\n<td>1<\/td>\n<td>Klaus Halbig<\/td>\n<td>1. Vorsitzender, Schulforum<\/td>\n<td>12<\/td>\n<\/tr>\n<tr>\n<td>2<\/td>\n<td>Ferhat Acikel<\/td>\n<td>2. Vorsitzender<\/td>\n<td>5, 12<\/td>\n<\/tr>\n<tr>\n<td>3<\/td>\n<td>Kurt Fuhrmann<\/td>\n<td>1. Kassenwart<\/td>\n<td>12<\/td>\n<\/tr>\n<tr>\n<td>4<\/td>\n<td>Selman A\u00e7ikg\u00f6z<\/td>\n<td>2. Kassenwart, EB-Pate 9-11<\/td>\n<td>5, 6<\/td>\n<\/tr>\n<tr>\n<td>5<\/td>\n<td>Viviane Lander<\/td>\n<td>1. Schriftf\u00fchrerin<\/td>\n<td>8<\/td>\n<\/tr>\n<tr>\n<td>6<\/td>\n<td>Dr. Martina Christmeier<\/td>\n<td>2. Schriftf\u00fchrerin<\/td>\n<td>12<\/td>\n<\/tr>\n<tr>\n<td>7<\/td>\n<td>Frank Hemmeter<\/td>\n<td>Beirat, Schulforum<\/td>\n<td>12<\/td>\n<\/tr>\n<tr>\n<td>8<\/td>\n<td>Alexander Krilhof<\/td>\n<td>Beirat, Schulforum<\/td>\n<td>6<\/td>\n<\/tr>\n<tr>\n<td>9<\/td>\n<td>Judith Theis<\/td>\n<td>Beir\u00e4tin, Kassenpr\u00fcferin<\/td>\n<td>11<\/td>\n<\/tr>\n<tr>\n<td>10<\/td>\n<td>Brigitte H\u00e4ndler<\/td>\n<td>Beir\u00e4tin, Kassenpr\u00fcferin<\/td>\n<td>11<\/td>\n<\/tr>\n<tr>\n<td>11<\/td>\n<td>Sandra Behnke<\/td>\n<td>Beir\u00e4tin, EB-Patin 5-6<\/td>\n<td>6<\/td>\n<\/tr>\n<tr>\n<td>12<\/td>\n<td>Ralph H.<\/td>\n<td>Beirat, EB-Pate 7-8<\/td>\n<td>8, 9<\/td>\n<\/tr>\n<\/tbody>\n<\/table>\n<p>Unter <a href=\"mailto:elternbeirat@sigmund-schuckert-gymnasium.de\">elternbeirat@sigmund-schuckert-gymnasium.de<\/a> k\u00f6nnen Sie gerne mit uns in Verbindung treten. Ein Kontaktwunsch zu einem bestimmten EB-Mitglied wird gerne vermittelt.<\/p>\n<p><strong>Aufgaben des Elternbeirats<\/strong><\/p>\n<p>Der Elternbeirat stellt die formale Verbindung zwischen den Eltern und der Schulleitung her. Er ber\u00e4t, vermittelt und hilft bei Anliegen und unterst\u00fctzt bei der L\u00f6sung von Problemen.<\/p>\n<p>Er macht sich Themen zu eigen, die allen Sch\u00fclerinnen und Sch\u00fclern ein ansprechendes, f\u00f6rderndes und sicheres Schulleben erm\u00f6glichen.<\/p>\n<p>Der Vorsitzende sowie zwei weitere Mitglieder vertreten den Elternbeirat im <a href=\"https:\/\/www.km.bayern.de\/eltern\/schule-und-mehr\/schulforum.html\" target=\"_blank\" rel=\"noopener noreferrer\">Schulforum<\/a>.<\/p>\n<p>Wir planen und organisieren die Durchf\u00fchrung von Veranstaltungen und tragen somit aktiv zur Gestaltung des Schullebens bei.<\/p>\n<p>Dar\u00fcber hinaus k\u00fcmmern wir uns um die Beschaffung finanzieller Mittel zur F\u00f6rderung schulischer Aktivit\u00e4ten wie z.B. Klassenfahrten. So stellen wir auch die <a href=\"https:\/\/www.sigmund-schuckert-gymnasium.de\/wordpress\/schliessfaecher\/\" target=\"_blank\" rel=\"noopener noreferrer\">Schlie\u00dffachanlage<\/a>\u00a0bereit. Einzelne F\u00e4cher k\u00f6nnen zu \u00e4u\u00dferst g\u00fcnstigen Bedingungen angemietet werden und erleichtern das Schulleben Ihrer Kinder ganz erheblich.<\/p>\n","protected":false},"excerpt":{"rendered":"<p>Mitglieder des Elternbeirats 2024\/25 &amp; 2025\/26 Name Funktion Kind(er) in Klasse 1 Klaus Halbig 1.<\/p>\n","protected":false},"author":1,"featured_media":0,"parent":61,"menu_order":0,"comment_status":"closed","ping_status":"closed","template":"","meta":{"cybocfi_hide_featured_image":"","footnotes":""},"class_list":["post-212","page","type-page","status-publish","hentry"],"_links":{"self":[{"href":"https:\/\/www.sigmund-schuckert-gymnasium.de\/wordpress\/wp-json\/wp\/v2\/pages\/212","targetHints":{"allow":["GET"]}}],"collection":[{"href":"https:\/\/www.sigmund-schuckert-gymnasium.de\/wordpress\/wp-json\/wp\/v2\/pages"}],"about":[{"href":"https:\/\/www.sigmund-schuckert-gymnasium.de\/wordpress\/wp-json\/wp\/v2\/types\/page"}],"author":[{"embeddable":true,"href":"https:\/\/www.sigmund-schuckert-gymnasium.de\/wordpress\/wp-json\/wp\/v2\/users\/1"}],"replies":[{"embeddable":true,"href":"https:\/\/www.sigmund-schuckert-gymnasium.de\/wordpress\/wp-json\/wp\/v2\/comments?post=212"}],"version-history":[{"count":51,"href":"https:\/\/www.sigmund-schuckert-gymnasium.de\/wordpress\/wp-json\/wp\/v2\/pages\/212\/revisions"}],"predecessor-version":[{"id":8651,"href":"https:\/\/www.sigmund-schuckert-gymnasium.de\/wordpress\/wp-json\/wp\/v2\/pages\/212\/revisions\/8651"}],"up":[{"embeddable":true,"href":"https:\/\/www.sigmund-schuckert-gymnasium.de\/wordpress\/wp-json\/wp\/v2\/pages\/61"}],"wp:attachment":[{"href":"https:\/\/www.sigmund-schuckert-gymnasium.de\/wordpress\/wp-json\/wp\/v2\/media?parent=212"}],"curies":[{"name":"wp","href":"https:\/\/api.w.org\/{rel}","templated":true}]}}