{"id":207,"date":"2015-07-01T13:38:00","date_gmt":"2015-07-01T11:38:00","guid":{"rendered":"http:\/\/www.sigmund-schuckert-gymnasium.de\/wordpress\/?page_id=207"},"modified":"2016-03-01T14:26:07","modified_gmt":"2016-03-01T13:26:07","slug":"tutoren","status":"publish","type":"page","link":"https:\/\/www.sigmund-schuckert-gymnasium.de\/wordpress\/tutoren\/","title":{"rendered":"Tutoren"},"content":{"rendered":"<p>Die neu an die <span class=\"almanach_link\">Sch\u00fcler<\/span> kommenden 5. Klassen werden durch Gruppen von <span class=\"almanach_link\">Sch\u00fcler<\/span>Innen der 9.-10. Klasse in das Schulleben eingef\u00fchrt, wof\u00fcr diese eine gesonderte Schulung erhalten.<\/p>\n<p>Nach dem Wandertag und der Schulhausrallye zum Kennenlernen am Schuljahres-Anfang folgen gemeinsame Unternehmungen wie Kino-, Eislauf- und Bowlingbahn-Besuche, gemeinsames Basteln und Einstudieren kleiner Vorf\u00fchrungen f\u00fcr den <span class=\"almanach_link\">Weihnachtsbasar<\/span>.<\/p>\n<p>Im Februar besuchen wir mit Freiwilligen den \u201eSpiele-T\u00dcV\u201c und versuchen dar\u00fcber hinaus mindestens eine weitere gemeinsame Veranstaltung f\u00fcr die ganze 5. Jahrgangsstufe durchzuf\u00fchren: Lesenacht, Faschingsparty, Ostereier-Suchen \u2026<\/p>\n","protected":false},"excerpt":{"rendered":"<p>Die neu an die Sch\u00fcler kommenden 5. Klassen werden durch Gruppen von Sch\u00fclerInnen der 9.-10.<\/p>\n","protected":false},"author":1,"featured_media":0,"parent":0,"menu_order":0,"comment_status":"closed","ping_status":"closed","template":"","meta":{"cybocfi_hide_featured_image":"","footnotes":""},"class_list":["post-207","page","type-page","status-publish","hentry"],"_links":{"self":[{"href":"https:\/\/www.sigmund-schuckert-gymnasium.de\/wordpress\/wp-json\/wp\/v2\/pages\/207","targetHints":{"allow":["GET"]}}],"collection":[{"href":"https:\/\/www.sigmund-schuckert-gymnasium.de\/wordpress\/wp-json\/wp\/v2\/pages"}],"about":[{"href":"https:\/\/www.sigmund-schuckert-gymnasium.de\/wordpress\/wp-json\/wp\/v2\/types\/page"}],"author":[{"embeddable":true,"href":"https:\/\/www.sigmund-schuckert-gymnasium.de\/wordpress\/wp-json\/wp\/v2\/users\/1"}],"replies":[{"embeddable":true,"href":"https:\/\/www.sigmund-schuckert-gymnasium.de\/wordpress\/wp-json\/wp\/v2\/comments?post=207"}],"version-history":[{"count":3,"href":"https:\/\/www.sigmund-schuckert-gymnasium.de\/wordpress\/wp-json\/wp\/v2\/pages\/207\/revisions"}],"predecessor-version":[{"id":966,"href":"https:\/\/www.sigmund-schuckert-gymnasium.de\/wordpress\/wp-json\/wp\/v2\/pages\/207\/revisions\/966"}],"wp:attachment":[{"href":"https:\/\/www.sigmund-schuckert-gymnasium.de\/wordpress\/wp-json\/wp\/v2\/media?parent=207"}],"curies":[{"name":"wp","href":"https:\/\/api.w.org\/{rel}","templated":true}]}}