{"id":1974,"date":"2017-02-22T18:43:31","date_gmt":"2017-02-22T17:43:31","guid":{"rendered":"http:\/\/www.sigmund-schuckert-gymnasium.de\/wordpress\/?page_id=1974"},"modified":"2025-02-28T12:22:27","modified_gmt":"2025-02-28T11:22:27","slug":"handball-erfolge-am-ssg","status":"publish","type":"page","link":"https:\/\/www.sigmund-schuckert-gymnasium.de\/wordpress\/handball-erfolge-am-ssg\/","title":{"rendered":"Handball Erfolge am SSG"},"content":{"rendered":"<h3 class=\"entry-title\">Bayerischer Meister M\u00e4dchen III 2025<\/h3>\n<p>Berlin, Berlin, wir fahren nach Berlin! Nach einigen grandiosen Turnier- und Spieltagen konnten sich die M\u00e4dels (WK III) nun als beste Schulmannschaft Bayerns behaupten. Das Team aus Mila O, Emma J., Loreen U., Jonna W., Jule P., Clara J., Anna W., Greta J., Bella S., Charlotte R. und Enna W., zeichnet sich durch \u201chohe Dynamik und bestechende Pr\u00e4zision\u201d aus, um ein gegnerisches Team aus Neutraubling zu zitieren. M\u00e4dels, ihr k\u00f6nnt unendlich stolz auf euch sein! Let\u2019s rock Berlin together!<\/p>\n<p><img loading=\"lazy\" decoding=\"async\" class=\"alignnone wp-image-7663\" src=\"https:\/\/www.sigmund-schuckert-gymnasium.de\/wordpress\/wp-content\/uploads\/2025\/02\/IMG-20250226-WA0005-300x225.jpg\" alt=\"\" width=\"791\" height=\"593\" srcset=\"https:\/\/www.sigmund-schuckert-gymnasium.de\/wordpress\/wp-content\/uploads\/2025\/02\/IMG-20250226-WA0005-300x225.jpg 300w, https:\/\/www.sigmund-schuckert-gymnasium.de\/wordpress\/wp-content\/uploads\/2025\/02\/IMG-20250226-WA0005-1024x768.jpg 1024w, https:\/\/www.sigmund-schuckert-gymnasium.de\/wordpress\/wp-content\/uploads\/2025\/02\/IMG-20250226-WA0005-768x576.jpg 768w, https:\/\/www.sigmund-schuckert-gymnasium.de\/wordpress\/wp-content\/uploads\/2025\/02\/IMG-20250226-WA0005-1536x1152.jpg 1536w, https:\/\/www.sigmund-schuckert-gymnasium.de\/wordpress\/wp-content\/uploads\/2025\/02\/IMG-20250226-WA0005-880x660.jpg 880w, https:\/\/www.sigmund-schuckert-gymnasium.de\/wordpress\/wp-content\/uploads\/2025\/02\/IMG-20250226-WA0005.jpg 1600w\" sizes=\"auto, (max-width: 791px) 100vw, 791px\" \/><\/p>\n<p>Mittwoch, den 26.02.2025<\/p>\n<h3 class=\"entry-title\">Nordbayerischer Vizemeister M\u00e4dchen III<\/h3>\n<p>Die SSG Handball-M\u00e4dels sind zweiter Nordbayrischer Meister und damit gleichzeitig dritter bayrischer Meister geworden. In zwei spannenden Spielen konnten Sie gegen die Gymnasien aus Forchheim und Kitzingen gewinnen. Nur in der Partie gegen die Mannschaft aus Oberviechtach h\u00e4tten unsere M\u00e4dels mit 10:12 Toren das Nachsehen.<br \/>\nZu der insgesamt sehenswerten und von Kampfgeist gepr\u00e4gten Mannschaftsleistung gratulieren wir unseren M\u00e4dels. Toll gemacht!<\/p>\n<p><a href=\"https:\/\/www.sigmund-schuckert-gymnasium.de\/wordpress\/wp-content\/uploads\/2017\/02\/WhatsApp-Image-2017-02-22-at-19.09.26.jpeg\"><img loading=\"lazy\" decoding=\"async\" class=\"alignright wp-image-1988 size-full\" src=\"https:\/\/www.sigmund-schuckert-gymnasium.de\/wordpress\/wp-content\/uploads\/2017\/02\/WhatsApp-Image-2017-02-22-at-19.09.26.jpeg\" width=\"1600\" height=\"1200\" srcset=\"https:\/\/www.sigmund-schuckert-gymnasium.de\/wordpress\/wp-content\/uploads\/2017\/02\/WhatsApp-Image-2017-02-22-at-19.09.26.jpeg 1600w, https:\/\/www.sigmund-schuckert-gymnasium.de\/wordpress\/wp-content\/uploads\/2017\/02\/WhatsApp-Image-2017-02-22-at-19.09.26-300x225.jpeg 300w, https:\/\/www.sigmund-schuckert-gymnasium.de\/wordpress\/wp-content\/uploads\/2017\/02\/WhatsApp-Image-2017-02-22-at-19.09.26-768x576.jpeg 768w, https:\/\/www.sigmund-schuckert-gymnasium.de\/wordpress\/wp-content\/uploads\/2017\/02\/WhatsApp-Image-2017-02-22-at-19.09.26-1024x768.jpeg 1024w, https:\/\/www.sigmund-schuckert-gymnasium.de\/wordpress\/wp-content\/uploads\/2017\/02\/WhatsApp-Image-2017-02-22-at-19.09.26-700x525.jpeg 700w, https:\/\/www.sigmund-schuckert-gymnasium.de\/wordpress\/wp-content\/uploads\/2017\/02\/WhatsApp-Image-2017-02-22-at-19.09.26-332x249.jpeg 332w\" sizes=\"auto, (max-width: 1600px) 100vw, 1600px\" \/><\/a><\/p>\n<p>&nbsp;<\/p>\n<p>Mittwoch, den 22.02.2017<\/p>\n<hr \/>\n<h3><\/h3>\n<h3>Handball-M\u00e4dchen III Bezirksmeister!!<\/h3>\n<p>Die SSG Handball-M\u00e4dchen III (Jhg. 2002 und j\u00fcnger) sind Bezirksmeister!!!<br \/>\nIn zwei spannenden Begegnungen haben die SSG-M\u00e4dels gegen das Gymnasiums Eckental und die M\u00e4dchenrealschule Gunzenhausen mit viel Kampfgeist und einer geschlossenen Mannschaftsleistung gewonnen. Gratulation M\u00e4dels!!!<br \/>\nJetzt freuen wir uns auf das Qualifikationsturnier Nordbayern, das in naher Zukunft in der SSG-Halle ausgetragen wird.<\/p>\n<p><img loading=\"lazy\" decoding=\"async\" class=\"wp-image-1928 aligncenter\" src=\"https:\/\/www.sigmund-schuckert-gymnasium.de\/wordpress\/wp-content\/uploads\/2017\/02\/handball3bezirk.jpg\" alt=\"\" width=\"680\" height=\"382\" srcset=\"https:\/\/www.sigmund-schuckert-gymnasium.de\/wordpress\/wp-content\/uploads\/2017\/02\/handball3bezirk.jpg 1600w, https:\/\/www.sigmund-schuckert-gymnasium.de\/wordpress\/wp-content\/uploads\/2017\/02\/handball3bezirk-300x169.jpg 300w, https:\/\/www.sigmund-schuckert-gymnasium.de\/wordpress\/wp-content\/uploads\/2017\/02\/handball3bezirk-768x432.jpg 768w, https:\/\/www.sigmund-schuckert-gymnasium.de\/wordpress\/wp-content\/uploads\/2017\/02\/handball3bezirk-1024x576.jpg 1024w, https:\/\/www.sigmund-schuckert-gymnasium.de\/wordpress\/wp-content\/uploads\/2017\/02\/handball3bezirk-700x393.jpg 700w, https:\/\/www.sigmund-schuckert-gymnasium.de\/wordpress\/wp-content\/uploads\/2017\/02\/handball3bezirk-332x187.jpg 332w\" sizes=\"auto, (max-width: 680px) 100vw, 680px\" \/><\/p>\n<p>&nbsp;<\/p>\n<hr \/>\n<h3>Handball-M\u00e4dchen IV Vize-Stadtmeister<\/h3>\n<p>Unsere Handball-M\u00e4dchen IV (Jhg. 2004 und j\u00fcnger) mussten sich im Finale zur N\u00fcrnberger Stadtmeisterschaft der Mannschaft\u00a0 der Wilhelm-L\u00f6he-Realschule mit 7:18 geschlagen geben. Wir gratulieren unseren j\u00fcngsten Handball-M\u00e4dels zur Vize-Stadtmeisterschaft.<\/p>\n<p><img loading=\"lazy\" decoding=\"async\" class=\"size-full wp-image-1912 aligncenter\" src=\"https:\/\/www.sigmund-schuckert-gymnasium.de\/wordpress\/wp-content\/uploads\/2017\/01\/handball-m\u00e4dchenIV.jpg\" alt=\"\" width=\"1031\" height=\"758\" srcset=\"https:\/\/www.sigmund-schuckert-gymnasium.de\/wordpress\/wp-content\/uploads\/2017\/01\/handball-m\u00e4dchenIV.jpg 1031w, https:\/\/www.sigmund-schuckert-gymnasium.de\/wordpress\/wp-content\/uploads\/2017\/01\/handball-m\u00e4dchenIV-300x221.jpg 300w, https:\/\/www.sigmund-schuckert-gymnasium.de\/wordpress\/wp-content\/uploads\/2017\/01\/handball-m\u00e4dchenIV-768x565.jpg 768w, https:\/\/www.sigmund-schuckert-gymnasium.de\/wordpress\/wp-content\/uploads\/2017\/01\/handball-m\u00e4dchenIV-1024x753.jpg 1024w, https:\/\/www.sigmund-schuckert-gymnasium.de\/wordpress\/wp-content\/uploads\/2017\/01\/handball-m\u00e4dchenIV-700x515.jpg 700w, https:\/\/www.sigmund-schuckert-gymnasium.de\/wordpress\/wp-content\/uploads\/2017\/01\/handball-m\u00e4dchenIV-332x244.jpg 332w\" sizes=\"auto, (max-width: 1031px) 100vw, 1031px\" \/><\/p>\n<p>&nbsp;<\/p>\n<hr \/>\n<h3>Stadtmeisterschaft Handball M\u00e4dchen III<\/h3>\n<p>Am 16.12. 2016 sind unsere Handball-M\u00e4dchen (Jhg. 2002 und j\u00fcnger) N\u00fcrnberger Stadtmeister geworden. Herzlichen Gl\u00fcckwunsch!<br \/>\nIn einem ungleichen Duell haben sie gegen die Geschwister-Scholl-Realschule mit 41:2 gewonnen.<\/p>\n<p><img loading=\"lazy\" decoding=\"async\" class=\"size-full wp-image-1876 aligncenter\" src=\"https:\/\/www.sigmund-schuckert-gymnasium.de\/wordpress\/wp-content\/uploads\/2017\/01\/handballM\u00e4dchen3.jpg\" alt=\"\" width=\"1280\" height=\"960\" srcset=\"https:\/\/www.sigmund-schuckert-gymnasium.de\/wordpress\/wp-content\/uploads\/2017\/01\/handballM\u00e4dchen3.jpg 1280w, https:\/\/www.sigmund-schuckert-gymnasium.de\/wordpress\/wp-content\/uploads\/2017\/01\/handballM\u00e4dchen3-300x225.jpg 300w, https:\/\/www.sigmund-schuckert-gymnasium.de\/wordpress\/wp-content\/uploads\/2017\/01\/handballM\u00e4dchen3-768x576.jpg 768w, https:\/\/www.sigmund-schuckert-gymnasium.de\/wordpress\/wp-content\/uploads\/2017\/01\/handballM\u00e4dchen3-1024x768.jpg 1024w, https:\/\/www.sigmund-schuckert-gymnasium.de\/wordpress\/wp-content\/uploads\/2017\/01\/handballM\u00e4dchen3-700x525.jpg 700w, https:\/\/www.sigmund-schuckert-gymnasium.de\/wordpress\/wp-content\/uploads\/2017\/01\/handballM\u00e4dchen3-332x249.jpg 332w\" sizes=\"auto, (max-width: 1280px) 100vw, 1280px\" \/><\/p>\n<hr \/>\n<h3>Jungen II Stadtvizemeister!<\/h3>\n<p>Auf den diesj\u00e4hrigen Handball-Stadtmeisterschaften der Jungen II erwischte uns die Mannschaft des Hans-Sachs-Gymnasiums, die das erste Spiel gegen die Geschwister-Scholl-Realschule knapp f\u00fcr sich entscheiden konnte, eiskalt:<\/p>\n<p>Nach verschlafenem Anfang konnte der 3-Tore-R\u00fcckstand in der nur 20-min\u00fctigen Spielzeit nicht mehr aufgeholt werden und das HSG gewann am Ende mit 15:11.<\/p>\n<p>Beim Spiel um Platz 2 gelang danach ein souver\u00e4ner und entspannter Sieg gegen die GSR mit 14:8, der mit Silber belohnt wurde.<\/p>\n<p><img loading=\"lazy\" decoding=\"async\" class=\"size-full wp-image-1846 aligncenter\" src=\"https:\/\/www.sigmund-schuckert-gymnasium.de\/wordpress\/wp-content\/uploads\/2016\/12\/DSC09665.jpg\" alt=\"\" width=\"1616\" height=\"1080\" srcset=\"https:\/\/www.sigmund-schuckert-gymnasium.de\/wordpress\/wp-content\/uploads\/2016\/12\/DSC09665.jpg 1616w, https:\/\/www.sigmund-schuckert-gymnasium.de\/wordpress\/wp-content\/uploads\/2016\/12\/DSC09665-300x200.jpg 300w, https:\/\/www.sigmund-schuckert-gymnasium.de\/wordpress\/wp-content\/uploads\/2016\/12\/DSC09665-768x513.jpg 768w, https:\/\/www.sigmund-schuckert-gymnasium.de\/wordpress\/wp-content\/uploads\/2016\/12\/DSC09665-1024x684.jpg 1024w, https:\/\/www.sigmund-schuckert-gymnasium.de\/wordpress\/wp-content\/uploads\/2016\/12\/DSC09665-700x468.jpg 700w, https:\/\/www.sigmund-schuckert-gymnasium.de\/wordpress\/wp-content\/uploads\/2016\/12\/DSC09665-332x222.jpg 332w\" sizes=\"auto, (max-width: 1616px) 100vw, 1616px\" \/><\/p>\n<p>&nbsp;<\/p>\n<hr \/>\n<h3>Jungen III Handball Stadtmeister zum erneuten mal<\/h3>\n<p>Die Handball-Jungenmannschaft des SSG (Jahrgang 2002\/03) konnte gestern zum vierten Mal die N\u00fcrnberger Schulsport-Stadtmeisterschaft gewinnen. Mit deutlichen Siegen gegen das Hans-Sachs-Gymnasium (15:5), die St\u00e4dtische Peter-Vischer-Schule (16:10) und die Geschwister-Scholl-Realschule (19:5) qualifizierte sich die Mannschaft f\u00fcr das Bezirksfinale, das im Januar ausgetragen wird.<img loading=\"lazy\" decoding=\"async\" class=\"alignright size-full wp-image-1827\" src=\"https:\/\/www.sigmund-schuckert-gymnasium.de\/wordpress\/wp-content\/uploads\/2016\/12\/Handball2016.jpg\" alt=\"\" width=\"994\" height=\"797\" srcset=\"https:\/\/www.sigmund-schuckert-gymnasium.de\/wordpress\/wp-content\/uploads\/2016\/12\/Handball2016.jpg 994w, https:\/\/www.sigmund-schuckert-gymnasium.de\/wordpress\/wp-content\/uploads\/2016\/12\/Handball2016-300x241.jpg 300w, https:\/\/www.sigmund-schuckert-gymnasium.de\/wordpress\/wp-content\/uploads\/2016\/12\/Handball2016-768x616.jpg 768w, https:\/\/www.sigmund-schuckert-gymnasium.de\/wordpress\/wp-content\/uploads\/2016\/12\/Handball2016-700x561.jpg 700w, https:\/\/www.sigmund-schuckert-gymnasium.de\/wordpress\/wp-content\/uploads\/2016\/12\/Handball2016-332x266.jpg 332w\" sizes=\"auto, (max-width: 994px) 100vw, 994px\" \/><\/p>\n<p>&nbsp;<\/p>\n<p>&nbsp;<\/p>\n<p>&nbsp;<\/p>\n<p>&nbsp;<\/p>\n<p>&nbsp;<\/p>\n<p>&nbsp;<\/p>\n<p>&nbsp;<\/p>\n<p>&nbsp;<\/p>\n<p>&nbsp;<\/p>\n<p>&nbsp;<\/p>\n<p>&nbsp;<\/p>\n<p>&nbsp;<\/p>\n<hr \/>\n<h3 class=\"entry-title\"><\/h3>\n<hr \/>\n<p>&nbsp;<\/p>\n","protected":false},"excerpt":{"rendered":"<p>Bayerischer Meister M\u00e4dchen III 2025 Berlin, Berlin, wir fahren nach Berlin! Nach einigen grandiosen Turnier-<\/p>\n","protected":false},"author":1,"featured_media":0,"parent":0,"menu_order":0,"comment_status":"closed","ping_status":"closed","template":"","meta":{"cybocfi_hide_featured_image":"","footnotes":""},"class_list":["post-1974","page","type-page","status-publish","hentry"],"_links":{"self":[{"href":"https:\/\/www.sigmund-schuckert-gymnasium.de\/wordpress\/wp-json\/wp\/v2\/pages\/1974","targetHints":{"allow":["GET"]}}],"collection":[{"href":"https:\/\/www.sigmund-schuckert-gymnasium.de\/wordpress\/wp-json\/wp\/v2\/pages"}],"about":[{"href":"https:\/\/www.sigmund-schuckert-gymnasium.de\/wordpress\/wp-json\/wp\/v2\/types\/page"}],"author":[{"embeddable":true,"href":"https:\/\/www.sigmund-schuckert-gymnasium.de\/wordpress\/wp-json\/wp\/v2\/users\/1"}],"replies":[{"embeddable":true,"href":"https:\/\/www.sigmund-schuckert-gymnasium.de\/wordpress\/wp-json\/wp\/v2\/comments?post=1974"}],"version-history":[{"count":9,"href":"https:\/\/www.sigmund-schuckert-gymnasium.de\/wordpress\/wp-json\/wp\/v2\/pages\/1974\/revisions"}],"predecessor-version":[{"id":7674,"href":"https:\/\/www.sigmund-schuckert-gymnasium.de\/wordpress\/wp-json\/wp\/v2\/pages\/1974\/revisions\/7674"}],"wp:attachment":[{"href":"https:\/\/www.sigmund-schuckert-gymnasium.de\/wordpress\/wp-json\/wp\/v2\/media?parent=1974"}],"curies":[{"name":"wp","href":"https:\/\/api.w.org\/{rel}","templated":true}]}}