{"id":1733,"date":"2016-11-24T12:00:46","date_gmt":"2016-11-24T11:00:46","guid":{"rendered":"http:\/\/www.sigmund-schuckert-gymnasium.de\/wordpress\/?page_id=1733"},"modified":"2016-11-24T12:28:02","modified_gmt":"2016-11-24T11:28:02","slug":"schuelerzeitung","status":"publish","type":"page","link":"https:\/\/www.sigmund-schuckert-gymnasium.de\/wordpress\/schuelerzeitung\/","title":{"rendered":"Sch\u00fclerzeitung"},"content":{"rendered":"<p>\u201eDer Ph\u00f6nix\u201c<\/p>\n<p>&nbsp;<\/p>\n<p>Hallo, wir sind die Redaktion der Sch\u00fclerzeitung. Wir sind momentan 25 junge engagierte Sch\u00fcler die seit letztem Schuljahr die Neuauflage der Sch\u00fclerzeitung schreiben. Letztes Schuljahr haben wir bereits die allererste Ausgabe ver\u00f6ffentlicht und dieses Jahr kommen sogar 2 ganze Ausgaben auf Euch zu! Die erste von beiden sogar schon ziemlich bald, macht Euch auf was gefasst!<br \/>\nVor 3 Jahren wurde unsere ehemalige Sch\u00fclerzeitung unter gro\u00dfem Bedauern eingestellt, da es einfach zu wenige Leute gab, die bereit waren mitzuarbeiten. Aber seit der SMV-Fahrt 2015 war klar: \u201eDas \u00e4ndert sich!\u201c. Und seitdem haben sich zu den 9 Mitgliedern die schon seit dem Zeitpunkt dabei sind noch 14 neue engagierte Sch\u00fcler gefunden, die gemeinsam mit uns die Sch\u00fclerzeitung gestalten. Und das Beste ist: \u201eIhr k\u00f6nnt auch ein Teil von uns sein!\u201c Wenn Ihr also Interesse habt, k\u00f6nnt Ihr einfach mal bei Eurem Deutschlehrer, oder bei der SMV oder im besten Fall direkt bei uns nachfragen.<br \/>\nAber der Gro\u00dfteil von Euch will nat\u00fcrlich nur eines: Die Sch\u00fclerzeitung lesen! Und deshalb werdet Ihr auch bald eine neue Ausgabe bekommen. Aber f\u00fcr all jene unter Euch, die noch keine erste Ausgabe haben, und f\u00fcr alle Eltern, Gro\u00dfeltern Tanten und sonstigen Verwandten die sich das mal anschauen wollen, ver\u00f6ffentlichen wir hier f\u00fcr Euch ein paar Impressionen aus unserer letzten Ausgabe! Falls Ihr Fragen, Vorschl\u00e4ge oder sonstiges habt, schreibt uns entweder einfach eine Mail an: <a href=\"mailto:schuelerzeitung.ssg@outlook.de\">schuelerzeitung.ssg@outlook.de<\/a> , oder schreibt uns einen Zettel und werft ihn in unseren Briefkasten. Den findet ihr ganz einfach vor dem SMV-Zimmer. Wir w\u00fcnschen Euch viel Spa\u00df mit diesen Artikeln und freuen uns gemeinsam mit Euch schon auf die n\u00e4chste Ausgabe.<\/p>\n<p>Sch\u00f6ne Gr\u00fc\u00dfe,<\/p>\n<p>Eure Redaktion.<\/p>\n<p>&nbsp;<\/p>\n<p>Hier eine kleine Leseprobe unserer letzten Ausgabe<\/p>\n<p><a href=\"https:\/\/www.sigmund-schuckert-gymnasium.de\/wordpress\/wp-content\/uploads\/2016\/11\/Der-Ph\u00f6nix.pdf\" target=\"_blank\">der-phoenix<\/a><\/p>\n<p><a href=\"https:\/\/www.sigmund-schuckert-gymnasium.de\/wordpress\/wp-content\/uploads\/2016\/11\/Atlanta.pdf\" target=\"_blank\">atlanta<\/a><\/p>\n<p><a href=\"https:\/\/www.sigmund-schuckert-gymnasium.de\/wordpress\/wp-content\/uploads\/2016\/11\/Hinter-verschlossenen-T\u00fcren.pdf\" target=\"_blank\">hinter-verschlossenen-tueren<\/a><\/p>\n<p><a href=\"https:\/\/www.sigmund-schuckert-gymnasium.de\/wordpress\/wp-content\/uploads\/2016\/11\/Parcours.pdf\" target=\"_blank\">parcours<\/a><\/p>\n<p>&nbsp;<\/p>\n","protected":false},"excerpt":{"rendered":"<p>\u201eDer Ph\u00f6nix\u201c &nbsp; Hallo, wir sind die Redaktion der Sch\u00fclerzeitung. Wir sind momentan 25 junge<\/p>\n","protected":false},"author":1,"featured_media":0,"parent":0,"menu_order":0,"comment_status":"closed","ping_status":"closed","template":"","meta":{"cybocfi_hide_featured_image":"","footnotes":""},"class_list":["post-1733","page","type-page","status-publish","hentry"],"_links":{"self":[{"href":"https:\/\/www.sigmund-schuckert-gymnasium.de\/wordpress\/wp-json\/wp\/v2\/pages\/1733","targetHints":{"allow":["GET"]}}],"collection":[{"href":"https:\/\/www.sigmund-schuckert-gymnasium.de\/wordpress\/wp-json\/wp\/v2\/pages"}],"about":[{"href":"https:\/\/www.sigmund-schuckert-gymnasium.de\/wordpress\/wp-json\/wp\/v2\/types\/page"}],"author":[{"embeddable":true,"href":"https:\/\/www.sigmund-schuckert-gymnasium.de\/wordpress\/wp-json\/wp\/v2\/users\/1"}],"replies":[{"embeddable":true,"href":"https:\/\/www.sigmund-schuckert-gymnasium.de\/wordpress\/wp-json\/wp\/v2\/comments?post=1733"}],"version-history":[{"count":5,"href":"https:\/\/www.sigmund-schuckert-gymnasium.de\/wordpress\/wp-json\/wp\/v2\/pages\/1733\/revisions"}],"predecessor-version":[{"id":1743,"href":"https:\/\/www.sigmund-schuckert-gymnasium.de\/wordpress\/wp-json\/wp\/v2\/pages\/1733\/revisions\/1743"}],"wp:attachment":[{"href":"https:\/\/www.sigmund-schuckert-gymnasium.de\/wordpress\/wp-json\/wp\/v2\/media?parent=1733"}],"curies":[{"name":"wp","href":"https:\/\/api.w.org\/{rel}","templated":true}]}}