{"id":167,"date":"2015-07-01T13:33:10","date_gmt":"2015-07-01T11:33:10","guid":{"rendered":"http:\/\/www.sigmund-schuckert-gymnasium.de\/wordpress\/?page_id=167"},"modified":"2025-11-14T13:58:03","modified_gmt":"2025-11-14T12:58:03","slug":"multimedia","status":"publish","type":"page","link":"https:\/\/www.sigmund-schuckert-gymnasium.de\/wordpress\/multimedia\/","title":{"rendered":"Multimedia"},"content":{"rendered":"<div class=\"item-page\">\n<p><strong>Nutzungsvereinbarungen und Einwilligungserkl\u00e4rungen<\/strong><\/p>\n<p>Computer und Internet spielen im Unterricht eine gro\u00dfe Rolle. Unsere Schule ist komplett vernetzt, es stehen vier Computerr\u00e4ume mit PCs sowie iPads in Tabletkoffern zur Verf\u00fcgung. Das SSG setzt die Module der BayernCloud Schule (ByCS), darunter die Lernplattform <em>mebis<\/em> (1. Informationen zu Mebis) ein und nutzt f\u00fcr Videokonferenzen TEAMS (im Paket von Office365). WebUntis bzw. UntisMobile dient der Kommunikation via E-Mail-Adresse\/Login oder App mit Ihnen, liebe Eltern und Erziehungsberechtigte, und bietet au\u00dferdem die M\u00f6glichkeit, den aktuellen Stunden- und Vertretungsplan einzusehen, ihr Kind krankzumelden, Termine f\u00fcr Elternabende usw. online zu buchen.<\/p>\n<p>Mit den M\u00f6glichkeiten steigen aber auch die Gefahren: Sch\u00fclerinnen und Sch\u00fcler fassen das Herunterladen von gesch\u00fctzten Bildern oder mp3-Dateien oft als Scherz auf. In Internetforen kann es zu Beleidigungen kommen. Die Installation illegaler Programme ist weit verbreitet.<\/p>\n<p>Deshalb muss die Schule den eigenen Umgang mit Daten der Sch\u00fclerinnen und Sch\u00fcler (3. Vereinbarung \u00fcber die Ver\u00f6ffentlichung von Personenabbildungen und Tonaufnahmen) ebenso regeln wie den Umgang der Sch\u00fclerinnen und Sch\u00fcler mit der PC-Einrichtung in der Schule (4. Vereinbarung zur Nutzung der Computereinrichtungen am Sigmund-Schuckert-Gymnasium), den mit Office 365 (2. Nutzungsordnung Office 365) und den mit WebUntis bzw. Untis Mobile (5. Datenschutzinformationen zu WebUntis &amp; Untis Mobile)<\/p>\n<p>Wir verfolgen mit den Vereinbarungen zwei Ziele:<\/p>\n<p>Die SSG-Web-Site soll es Eltern, Sch\u00fclerinnen und Sch\u00fclern und Lehrkr\u00e4ften erleichtert, das Schulleben mit seinen verschiedensten Aktionen im und \u00fcber den Unterricht hinaus zu verfolgen und \u00fcber wichtige Termine und Ereignisse informiert zu sein. Eine Web-Site ohne Bilder ist aber kaum denkbar. Wir m\u00f6chten die gesamte Schulfamilie und damit auch Sie als Angeh\u00f6rige an Aktivit\u00e4ten innerhalb unserer Schule teilhaben lassen. Dazu ver\u00f6ffentlichen wir regelm\u00e4\u00dfig Artikel, Fotos, Tondateien und manchmal auch Videos \u00fcber Projekte, Fahrten und vieles mehr auf unserer Homepage sowie im Jahresbericht. Bei au\u00dfergew\u00f6hnlichen Projekten werden wir z.T. sogar von der Presse, z.B. von den N\u00fcrnberger Nachrichten, begleitet. Damit diese Artikel, Fotos und ggf. auch Videos ver\u00f6ffentlicht werden d\u00fcrfen, ben\u00f6tigen wir Ihr schriftliches Einverst\u00e4ndnis.<\/p>\n<p>Es handelt dabei stets um wertvolle Projekte und\/oder Veranstaltungen, welche von Lehrkr\u00e4ften begleitet werden und an denen unsere Sch\u00fclerinnen und Sch\u00fcler in der Regel mit viel Freude teilnehmen. Beispiele hierf\u00fcr sind u.a. das Schullandheim in der 6. Jahrgangsstufe, der Austausch mit La R\u00e9union oder Atlanta, die Teilnahme am Vorlesewettbewerb im Fach Deutsch oder eine Auszeichnung f\u00fcr herausragende Ergebnisse in einem Wettbewerb im Fach Mathematik.<\/p>\n<p>Auf der anderen Seite wollen wir das Recht der Sch\u00fclerinnen und Sch\u00fcler am eigenen Bild wahren. Darum ben\u00f6tigen wir Ihr Einverst\u00e4ndnis f\u00fcr die Ver\u00f6ffentlichung von Bildern, die z.B. bei Projekten, Schulkonzerten oder Schulfesten gemacht wurden. Die Vereinbarung \u00fcber die Ver\u00f6ffentlichung von Personenabbildungen erm\u00f6glicht uns die rechtlich abgesicherte Dokumentation von Schulereignissen.<\/p>\n<p>Wie oben beschrieben, erm\u00f6glichen PC und Internet vielfache M\u00f6glichkeiten des Missbrauchs. Deshalb ist es wichtig, Regeln im Umgang mit der schulischen PC- und Internetausstattung zu formulieren. Wir bitten Sie diese Regelungen mit Ihren Kindern eingehend zu besprechen, zumal diese gesetzlichen Bestimmungen nicht nur f\u00fcr den Umgang mit dem Internet in der Schule, sondern auch zu Hause gelten.<\/p>\n<p>Die beiden Vereinbarungen und die Nutzungsordnung sind Standardtexte, die an vielen Schulen in Bayern verwendet werden. Diese sowie Informationen zum Thema WebUntis- &amp; Untis Mobile-Nutzung finden Sie weiter unten. N\u00e4here Infos zu WebUntis finden Sie auch hier:\u00a0<a href=\"https:\/\/www.sigmund-schuckert-gymnasium.de\/wordpress\/676-2\/\">https:\/\/www.sigmund-schuckert-gymnasium.de\/wordpress\/676-2\/<\/a>.<\/p>\n<p>Die Einwilligungserkl\u00e4rungen finden sich geschlossen auf der \u201cLetzten Seite\u201d. Bitte leiten Sie diese unterschrieben an uns zur\u00fcck.<\/p>\n<p>Bei Fragen oder Unklarheiten stehen wir Ihnen jederzeit f\u00fcr ein Gespr\u00e4ch zur Verf\u00fcgung.<\/p>\n<p>Es gr\u00fc\u00dft Sie ganz herzlich<\/p>\n<p>C. P\u00f6llmann, OStDin<\/p>\n<ol>\n<li><a href=\"https:\/\/www.sigmund-schuckert-gymnasium.de\/wordpress\/wp-content\/uploads\/2025\/04\/Informationen-zu-Mebis.pdf\">Informationen zu Mebis<\/a><\/li>\n<li><a href=\"https:\/\/www.sigmund-schuckert-gymnasium.de\/wordpress\/wp-content\/uploads\/2021\/04\/Nutzungsordnung-Office-Schueler.pdf\">Nutzungsordnung-Office-Sch\u00fcler<\/a><\/li>\n<li><a href=\"https:\/\/www.sigmund-schuckert-gymnasium.de\/wordpress\/wp-content\/uploads\/2025\/11\/Vereinbarung-ueber-die-Veroeffentlichung-von-Personenabbildungen-und-Tondateien.pdf\">Vereinbarung \u00fcber die Ver\u00f6ffentlichung von Personenabbildungen<\/a><\/li>\n<li><a href=\"https:\/\/www.sigmund-schuckert-gymnasium.de\/wordpress\/wp-content\/uploads\/2025\/11\/Nutzungsordnung_IT-Infrastruktur_SuS.pdf\">Nutzungsordnung IT-Infrastruktur<\/a><\/li>\n<li><a href=\"https:\/\/www.sigmund-schuckert-gymnasium.de\/wordpress\/wp-content\/uploads\/2023\/04\/Datenschutzinformationen-zu-WebUntis.pdf\">Datenschutzinformationen zu WebUntis &amp; Untis Mobile<\/a><\/li>\n<li><a href=\"https:\/\/www.sigmund-schuckert-gymnasium.de\/wordpress\/wp-content\/uploads\/2025\/09\/Einwilligung_Bildungslogin.pdf\">Einwilligung Bildungslogin<\/a><\/li>\n<li><a href=\"https:\/\/www.sigmund-schuckert-gymnasium.de\/wordpress\/wp-content\/uploads\/2025\/11\/Konvolut-letzte-Seite.pdf\">Letzte Seite<\/a><\/li>\n<\/ol>\n<\/div>\n","protected":false},"excerpt":{"rendered":"<p>Nutzungsvereinbarungen und Einwilligungserkl\u00e4rungen Computer und Internet spielen im Unterricht eine gro\u00dfe Rolle. Unsere Schule ist<\/p>\n","protected":false},"author":1,"featured_media":0,"parent":0,"menu_order":0,"comment_status":"closed","ping_status":"closed","template":"","meta":{"cybocfi_hide_featured_image":"","footnotes":""},"class_list":["post-167","page","type-page","status-publish","hentry"],"_links":{"self":[{"href":"https:\/\/www.sigmund-schuckert-gymnasium.de\/wordpress\/wp-json\/wp\/v2\/pages\/167","targetHints":{"allow":["GET"]}}],"collection":[{"href":"https:\/\/www.sigmund-schuckert-gymnasium.de\/wordpress\/wp-json\/wp\/v2\/pages"}],"about":[{"href":"https:\/\/www.sigmund-schuckert-gymnasium.de\/wordpress\/wp-json\/wp\/v2\/types\/page"}],"author":[{"embeddable":true,"href":"https:\/\/www.sigmund-schuckert-gymnasium.de\/wordpress\/wp-json\/wp\/v2\/users\/1"}],"replies":[{"embeddable":true,"href":"https:\/\/www.sigmund-schuckert-gymnasium.de\/wordpress\/wp-json\/wp\/v2\/comments?post=167"}],"version-history":[{"count":39,"href":"https:\/\/www.sigmund-schuckert-gymnasium.de\/wordpress\/wp-json\/wp\/v2\/pages\/167\/revisions"}],"predecessor-version":[{"id":8498,"href":"https:\/\/www.sigmund-schuckert-gymnasium.de\/wordpress\/wp-json\/wp\/v2\/pages\/167\/revisions\/8498"}],"wp:attachment":[{"href":"https:\/\/www.sigmund-schuckert-gymnasium.de\/wordpress\/wp-json\/wp\/v2\/media?parent=167"}],"curies":[{"name":"wp","href":"https:\/\/api.w.org\/{rel}","templated":true}]}}