{"id":154,"date":"2015-07-01T13:31:51","date_gmt":"2015-07-01T11:31:51","guid":{"rendered":"http:\/\/www.sigmund-schuckert-gymnasium.de\/wordpress\/?page_id=154"},"modified":"2017-06-19T12:16:52","modified_gmt":"2017-06-19T10:16:52","slug":"bibliothek","status":"publish","type":"page","link":"https:\/\/www.sigmund-schuckert-gymnasium.de\/wordpress\/bibliothek\/","title":{"rendered":"Bibliothek"},"content":{"rendered":"<p><strong>Bibliothek &#8211; Lesen unter Palmen<\/strong><\/p>\n<p><em>\u201eB\u00fccher sind f\u00fcr mich ein Ort, an den ich gehen kann, wenn ich bleiben muss, wo ich bin.\u201c<\/em><\/p>\n<p>Und diese Faszination l\u00e4sst sich auch am SSG erleben! Seit Ende 2016 erstrahlt die Schulbibliothek des SSG nach gr\u00f6\u00dferen Umbau- und Aufr\u00e4umarbeiten wieder in neuem Glanz und wird von sehr vielen Sch\u00fclern zum Lesen, zur Recherche und auch als ruhiger R\u00fcckzugsraum genutzt.<\/p>\n<ul>\n<li><strong>\u00d6ffnungszeiten: T\u00e4glich 1. Pause und Mo., Di und Do. jeweils in der 7. Stunde.<\/strong><\/li>\n<li><strong>Eine Ausleihe ist f\u00fcr alle Sch\u00fcler w\u00e4hrend der \u00d6ffnungszeiten m\u00f6glich<\/strong>, ein Bibliotheksausweis ist kostenlos in den neuen Sch\u00fclerausweis integriert.<\/li>\n<li>Ausleihfrist: 14 Tage, eine einmalige Verl\u00e4ngerung um eine Woche ist m\u00f6glich.<br \/>\nBei Verlust des Buches muss jedoch der Wert ersetzt werden.<\/li>\n<li>Wie in jeder Bibliothek ist das <strong>Essen und Trinken<\/strong> <strong>untersagt<\/strong>.<\/li>\n<li>Es werden regelm\u00e4\u00dfig neue spannende, lustige und interessante B\u00fccher angeschafft, auch Buchw\u00fcnsche nehme ich gerne entgegen.<\/li>\n<\/ul>\n<p>Flei\u00dfige Bibliothekshelfer aus 8., 9., 10. und 11. Jahrgangsstufe erm\u00f6glichen die Ausleihe etc. \u2013 vielen herzlichen Dank f\u00fcr Euer Engagement! Ihr seid spitze!<\/p>\n<p><em>experience magic. read.<\/em><\/p>\n<p>Stefan Zeller<br \/>\nLeiter der Schulbibliothek<img loading=\"lazy\" decoding=\"async\" class=\"alignright size-full wp-image-2687\" src=\"https:\/\/www.sigmund-schuckert-gymnasium.de\/wordpress\/wp-content\/uploads\/2015\/07\/Schulbibliothek-1-e1497867146937.jpg\" alt=\"\" width=\"2136\" height=\"2848\" srcset=\"https:\/\/www.sigmund-schuckert-gymnasium.de\/wordpress\/wp-content\/uploads\/2015\/07\/Schulbibliothek-1-e1497867146937.jpg 2136w, https:\/\/www.sigmund-schuckert-gymnasium.de\/wordpress\/wp-content\/uploads\/2015\/07\/Schulbibliothek-1-e1497867146937-225x300.jpg 225w, https:\/\/www.sigmund-schuckert-gymnasium.de\/wordpress\/wp-content\/uploads\/2015\/07\/Schulbibliothek-1-e1497867146937-768x1024.jpg 768w, https:\/\/www.sigmund-schuckert-gymnasium.de\/wordpress\/wp-content\/uploads\/2015\/07\/Schulbibliothek-1-e1497867146937-700x933.jpg 700w, https:\/\/www.sigmund-schuckert-gymnasium.de\/wordpress\/wp-content\/uploads\/2015\/07\/Schulbibliothek-1-e1497867146937-332x443.jpg 332w\" sizes=\"auto, (max-width: 2136px) 100vw, 2136px\" \/><\/p>\n","protected":false},"excerpt":{"rendered":"<p>Bibliothek &#8211; Lesen unter Palmen \u201eB\u00fccher sind f\u00fcr mich ein Ort, an den ich gehen<\/p>\n","protected":false},"author":1,"featured_media":0,"parent":0,"menu_order":0,"comment_status":"closed","ping_status":"closed","template":"","meta":{"cybocfi_hide_featured_image":"","footnotes":""},"class_list":["post-154","page","type-page","status-publish","hentry"],"_links":{"self":[{"href":"https:\/\/www.sigmund-schuckert-gymnasium.de\/wordpress\/wp-json\/wp\/v2\/pages\/154","targetHints":{"allow":["GET"]}}],"collection":[{"href":"https:\/\/www.sigmund-schuckert-gymnasium.de\/wordpress\/wp-json\/wp\/v2\/pages"}],"about":[{"href":"https:\/\/www.sigmund-schuckert-gymnasium.de\/wordpress\/wp-json\/wp\/v2\/types\/page"}],"author":[{"embeddable":true,"href":"https:\/\/www.sigmund-schuckert-gymnasium.de\/wordpress\/wp-json\/wp\/v2\/users\/1"}],"replies":[{"embeddable":true,"href":"https:\/\/www.sigmund-schuckert-gymnasium.de\/wordpress\/wp-json\/wp\/v2\/comments?post=154"}],"version-history":[{"count":11,"href":"https:\/\/www.sigmund-schuckert-gymnasium.de\/wordpress\/wp-json\/wp\/v2\/pages\/154\/revisions"}],"predecessor-version":[{"id":2688,"href":"https:\/\/www.sigmund-schuckert-gymnasium.de\/wordpress\/wp-json\/wp\/v2\/pages\/154\/revisions\/2688"}],"wp:attachment":[{"href":"https:\/\/www.sigmund-schuckert-gymnasium.de\/wordpress\/wp-json\/wp\/v2\/media?parent=154"}],"curies":[{"name":"wp","href":"https:\/\/api.w.org\/{rel}","templated":true}]}}