{"id":143,"date":"2015-07-01T13:30:49","date_gmt":"2015-07-01T11:30:49","guid":{"rendered":"http:\/\/www.sigmund-schuckert-gymnasium.de\/wordpress\/?page_id=143"},"modified":"2025-02-28T13:05:37","modified_gmt":"2025-02-28T12:05:37","slug":"medienag","status":"publish","type":"page","link":"https:\/\/www.sigmund-schuckert-gymnasium.de\/wordpress\/profil\/medienag\/","title":{"rendered":"Medien AG am SSG"},"content":{"rendered":"<h2><strong>Medien AG am SSG &#8211; eine Institution seit 2003<\/strong><\/h2>\n<div>\n<div>\n<div><span class=\"Apple-style-span\">Unsere Radio AG ist im Laufe der Jahre am SSG immer mehr gewachsen und ist dabei reifer geworden &#8211; und wir haben unsere T\u00e4tigkeit auf alle Medien ausgeweitet.<\/span><\/div>\n<div>\n<p>Ab der 7. Jahrgangsstufe k\u00f6nnen unsere Sch\u00fclerinnen und Sch\u00fcler Radio-Beitr\u00e4ge selbst aufnehmen oder Clips und Filme drehen. Unsere Ausstattung verbessert sich von Jahr zu Jahr und unser erstes gr\u00f6\u00dferes Projekt, der Imagefilm unserer Streitschlichter, kann sich durchaus sehen lassen.<\/p>\n<p><span class=\"Apple-style-span\">Viel Spa\u00df beim H\u00f6ren und Sehen!<\/span><\/p>\n<p>________________________________________________________________________________________________________________<\/p>\n<p>Hier noch ein paar Beitr\u00e4ge aus den vergangenen Jahren<\/p>\n<p>Youtuberin werden &#8211; Wir fragen Mirella<\/p>\n<p>Der Traum (nicht nur) unserer Sch\u00fclerinnen ist es, Youtuberin zu werden. Mirella war auf unserer Schule und hat auf ihrem Youtube-Kanal 500.000 Follower. Wir fragen nach und holen uns Tipps.<\/p>\n<audio class=\"wp-audio-shortcode\" id=\"audio-143-1\" preload=\"none\" style=\"width: 100%;\" controls=\"controls\"><source type=\"audio\/mpeg\" src=\"https:\/\/www.sigmund-schuckert-gymnasium.de\/wordpress\/wp-content\/uploads\/2019\/06\/Youtuberin-werden.mp3?_=1\" \/><a href=\"https:\/\/www.sigmund-schuckert-gymnasium.de\/wordpress\/wp-content\/uploads\/2019\/06\/Youtuberin-werden.mp3\">https:\/\/www.sigmund-schuckert-gymnasium.de\/wordpress\/wp-content\/uploads\/2019\/06\/Youtuberin-werden.mp3<\/a><\/audio>\n<hr \/>\n<p>________________________________________________________________________________________________________________<\/p>\n<p>Minecraft vs. Fortnite<\/p>\n<p>Welches Spiel ist besser? Welches gef\u00e4hrlicher? Ein Streitgespr\u00e4ch zwischen Michael und Christian. Und ein Experte.<\/p>\n<audio class=\"wp-audio-shortcode\" id=\"audio-143-2\" preload=\"none\" style=\"width: 100%;\" controls=\"controls\"><source type=\"audio\/mpeg\" src=\"https:\/\/www.sigmund-schuckert-gymnasium.de\/wordpress\/wp-content\/uploads\/2019\/06\/Fortcraft_Ho\u0308rt.mp3?_=2\" \/><a href=\"https:\/\/www.sigmund-schuckert-gymnasium.de\/wordpress\/wp-content\/uploads\/2019\/06\/Fortcraft_Ho\u0308rt.mp3\">https:\/\/www.sigmund-schuckert-gymnasium.de\/wordpress\/wp-content\/uploads\/2019\/06\/Fortcraft_Ho\u0308rt.mp3<\/a><\/audio>\n<hr \/>\n<p>________________________________________________________________________________________________________________<\/p>\n<p>Cold Turkey &#8211; Ein Beitrag \u00fcber Sucht<\/p>\n<p>Die Schullekt\u00fcre &#8222;Cold Turkey&#8220; hat unsere Sch\u00fcler sehr aufger\u00fcttelt. Sie machen sich Gedanken \u00fcber Heroinsucht und zu Sucht im Allgemeinen. Ein Experte gibt zudem Antworten.<\/p>\n<hr \/>\n<audio class=\"wp-audio-shortcode\" id=\"audio-143-3\" preload=\"none\" style=\"width: 100%;\" controls=\"controls\"><source type=\"audio\/mpeg\" src=\"https:\/\/www.sigmund-schuckert-gymnasium.de\/wordpress\/wp-content\/uploads\/2019\/06\/Cold-Turkey.mp3?_=3\" \/><a href=\"https:\/\/www.sigmund-schuckert-gymnasium.de\/wordpress\/wp-content\/uploads\/2019\/06\/Cold-Turkey.mp3\">https:\/\/www.sigmund-schuckert-gymnasium.de\/wordpress\/wp-content\/uploads\/2019\/06\/Cold-Turkey.mp3<\/a><\/audio>\n<\/div>\n<\/div>\n<\/div>\n<div>\n<div>\n<p>________________________________________________________________________________________________________________<\/p>\n<p>Bandinterview \u201eDeine Freunde\u201c<\/p>\n<p>Vor dem Konzert im Erlanger E-Werk treffen unsere jungen Radiomacher die Band \u201eDeine Freunde\u201c. Ein \u00fcberaus unterhaltsames Interview.<\/p>\n<audio class=\"wp-audio-shortcode\" id=\"audio-143-4\" preload=\"none\" style=\"width: 100%;\" controls=\"controls\"><source type=\"audio\/mpeg\" src=\"https:\/\/www.sigmund-schuckert-gymnasium.de\/wordpress\/wp-content\/uploads\/2019\/06\/Deine-Freunde.mp3?_=4\" \/><a href=\"https:\/\/www.sigmund-schuckert-gymnasium.de\/wordpress\/wp-content\/uploads\/2019\/06\/Deine-Freunde.mp3\">https:\/\/www.sigmund-schuckert-gymnasium.de\/wordpress\/wp-content\/uploads\/2019\/06\/Deine-Freunde.mp3<\/a><\/audio>\n<\/div>\n<div><strong>________________________________________________________________________________________________________________<\/strong><\/div>\n<\/div>\n<div>\n<div><\/div>\n<p><strong>\u00a0Stefan ist schwul &#8211; und stolz darauf.<br \/>\n<\/strong><br \/>\nWir wollen mit Stefan \u00fcber sein Coming Out sprechen und m\u00fcssen einsehen, dass man sich als Homosexueller jeden Tag auf\u2019s Neue \u201eouten\u201c muss.<\/p>\n<audio class=\"wp-audio-shortcode\" id=\"audio-143-5\" preload=\"none\" style=\"width: 100%;\" controls=\"controls\"><source type=\"audio\/mpeg\" src=\"https:\/\/www.sigmund-schuckert-gymnasium.de\/wordpress\/wp-content\/uploads\/2017\/07\/03_Stefan-ist-schwul.mp3?_=5\" \/><a href=\"https:\/\/www.sigmund-schuckert-gymnasium.de\/wordpress\/wp-content\/uploads\/2017\/07\/03_Stefan-ist-schwul.mp3\">https:\/\/www.sigmund-schuckert-gymnasium.de\/wordpress\/wp-content\/uploads\/2017\/07\/03_Stefan-ist-schwul.mp3<\/a><\/audio>\n<p><span style=\"font-size: 10pt;\"><em> Von Katja, Awesta, Yulia und Lisa aus dem P-Seminar Radio<\/em><\/span><\/p>\n<hr \/>\n<div>\n<p>________________________________________________________________________________________________________________<\/p>\n<p><strong>Navid muss bleiben!<br \/>\n<\/strong><br \/>\nNavid musste mit seiner ganzen Familien vor den Taliban fliehen. Er lebt jetzt in der N\u00e4he von <span class=\"cmp_parsed_location\" data-cmp_parsed_location_name=\"Ingolstadt\" data-cmp_parsed_location_weather=\"K09161000\" data-cmp_parsed_location_other=\"0\" data-ce-class=\"Locations\">Ingolstadt<\/span>, hat sich selbst Deutsch beigebracht, singt im Chor seines Heimatorts &#8211; und soll nach Afghanistan abgeschoben werden. Nach dem Gespr\u00e4ch mit ihm bleiben wir fassungslos zur\u00fcck.<\/p>\n<div>\n<audio class=\"wp-audio-shortcode\" id=\"audio-143-6\" preload=\"none\" style=\"width: 100%;\" controls=\"controls\"><source type=\"audio\/mpeg\" src=\"https:\/\/www.sigmund-schuckert-gymnasium.de\/wordpress\/wp-content\/uploads\/2017\/07\/01_Navid-muss-bleiben.mp3?_=6\" \/><a href=\"https:\/\/www.sigmund-schuckert-gymnasium.de\/wordpress\/wp-content\/uploads\/2017\/07\/01_Navid-muss-bleiben.mp3\">https:\/\/www.sigmund-schuckert-gymnasium.de\/wordpress\/wp-content\/uploads\/2017\/07\/01_Navid-muss-bleiben.mp3<\/a><\/audio>\n<\/div>\n<p>________________________________________________________________________________________________________________<\/p>\n<\/div>\n<div>\n<div><strong>Vegane Woche<\/strong><\/div>\n<div><\/div>\n<div>Vegane Ern\u00e4hrung ist in aller Munde. Aber ist diese auch sinnvoll und gesund &#8211; besonders f\u00fcr Kinder und Jugendliche? Wir gehen dem nach und machen den Selbstversuch.<\/div>\n<div><\/div>\n<div>\n<audio class=\"wp-audio-shortcode\" id=\"audio-143-7\" preload=\"none\" style=\"width: 100%;\" controls=\"controls\"><source type=\"audio\/mpeg\" src=\"https:\/\/www.sigmund-schuckert-gymnasium.de\/wordpress\/wp-content\/uploads\/2015\/07\/02_Vegan-Leben.mp3?_=7\" \/><a href=\"https:\/\/www.sigmund-schuckert-gymnasium.de\/wordpress\/wp-content\/uploads\/2015\/07\/02_Vegan-Leben.mp3\">https:\/\/www.sigmund-schuckert-gymnasium.de\/wordpress\/wp-content\/uploads\/2015\/07\/02_Vegan-Leben.mp3<\/a><\/audio>\n<\/div>\n<div><\/div>\n<div><em><span style=\"font-size: 10pt;\"> Von Caro, Frank, Jona und Benedikt<\/span> <\/em><\/div>\n<div><\/div>\n<div><\/div>\n<div><\/div>\n<div>________________________________________________________________________________________________________________<\/div>\n<div><\/div>\n<\/div>\n<\/div>\n<div><code>\u00a0<\/code><\/div>\n<div><strong>Mustafa macht den besten D\u00f6ner<\/strong><\/div>\n<div><\/div>\n<div>Alle lieben D\u00f6ner. Aber wer ist eigentlich dieser freundliche Mann mit dem Schnurrbart, der unser Lieblingsgericht zubereitet?<\/div>\n<div>Dieser Frage gehen wir auf die Spur und es entsteht ein liebevolles Portr\u00e4t \u00fcber einen ganz besonderen N\u00fcrnberger &#8211; und ein Beitrag \u00fcber Integration.<\/div>\n<div><\/div>\n<div>\n<audio class=\"wp-audio-shortcode\" id=\"audio-143-8\" preload=\"none\" style=\"width: 100%;\" controls=\"controls\"><source type=\"audio\/mpeg\" src=\"https:\/\/www.sigmund-schuckert-gymnasium.de\/wordpress\/wp-content\/uploads\/2015\/07\/01_Mustafa-Finished.mp3?_=8\" \/><a href=\"https:\/\/www.sigmund-schuckert-gymnasium.de\/wordpress\/wp-content\/uploads\/2015\/07\/01_Mustafa-Finished.mp3\">https:\/\/www.sigmund-schuckert-gymnasium.de\/wordpress\/wp-content\/uploads\/2015\/07\/01_Mustafa-Finished.mp3<\/a><\/audio>\n<\/div>\n<div>\n<p><em><span style=\"font-size: 10pt;\">Von Stefan, Jonas, Nick und Lino<\/span><\/em><\/p>\n<\/div>\n<div>________________________________________________________________________________________________________________<\/div>\n<hr \/>\n<div><strong> Der perfekte Beitrag<\/strong><\/div>\n<div><\/div>\n<div>Schuckert FM nimmt mit seinen Radio-Beitr\u00e4gen an renommierten Wettbewerben teil. Aber wie bekommen wir nur den perfekten Beitrag hin?<\/div>\n<div><\/div>\n<div>\n<audio class=\"wp-audio-shortcode\" id=\"audio-143-9\" preload=\"none\" style=\"width: 100%;\" controls=\"controls\"><source type=\"audio\/mpeg\" src=\"https:\/\/www.sigmund-schuckert-gymnasium.de\/wordpress\/wp-content\/uploads\/2015\/07\/Perfekter-Beitrag.mp3?_=9\" \/><a href=\"https:\/\/www.sigmund-schuckert-gymnasium.de\/wordpress\/wp-content\/uploads\/2015\/07\/Perfekter-Beitrag.mp3\">https:\/\/www.sigmund-schuckert-gymnasium.de\/wordpress\/wp-content\/uploads\/2015\/07\/Perfekter-Beitrag.mp3<\/a><\/audio>\n<\/div>\n<div><em><span style=\"font-size: 10pt;\"> Von Mara, Tasha und <span class=\"cmp_parsed_location\" data-ce-class=\"Locations\" data-cmp_parsed_location_name=\"Linda\" data-cmp_parsed_location_weather=\"K15171038\" data-cmp_parsed_location_other=\"2\">Linda<\/span><\/span><\/em><\/div>\n","protected":false},"excerpt":{"rendered":"<p>Medien AG am SSG &#8211; eine Institution seit 2003 Unsere Radio AG ist im Laufe<\/p>\n","protected":false},"author":1,"featured_media":0,"parent":99,"menu_order":0,"comment_status":"closed","ping_status":"closed","template":"","meta":{"cybocfi_hide_featured_image":"","footnotes":""},"class_list":["post-143","page","type-page","status-publish","hentry"],"_links":{"self":[{"href":"https:\/\/www.sigmund-schuckert-gymnasium.de\/wordpress\/wp-json\/wp\/v2\/pages\/143","targetHints":{"allow":["GET"]}}],"collection":[{"href":"https:\/\/www.sigmund-schuckert-gymnasium.de\/wordpress\/wp-json\/wp\/v2\/pages"}],"about":[{"href":"https:\/\/www.sigmund-schuckert-gymnasium.de\/wordpress\/wp-json\/wp\/v2\/types\/page"}],"author":[{"embeddable":true,"href":"https:\/\/www.sigmund-schuckert-gymnasium.de\/wordpress\/wp-json\/wp\/v2\/users\/1"}],"replies":[{"embeddable":true,"href":"https:\/\/www.sigmund-schuckert-gymnasium.de\/wordpress\/wp-json\/wp\/v2\/comments?post=143"}],"version-history":[{"count":83,"href":"https:\/\/www.sigmund-schuckert-gymnasium.de\/wordpress\/wp-json\/wp\/v2\/pages\/143\/revisions"}],"predecessor-version":[{"id":7356,"href":"https:\/\/www.sigmund-schuckert-gymnasium.de\/wordpress\/wp-json\/wp\/v2\/pages\/143\/revisions\/7356"}],"up":[{"embeddable":true,"href":"https:\/\/www.sigmund-schuckert-gymnasium.de\/wordpress\/wp-json\/wp\/v2\/pages\/99"}],"wp:attachment":[{"href":"https:\/\/www.sigmund-schuckert-gymnasium.de\/wordpress\/wp-json\/wp\/v2\/media?parent=143"}],"curies":[{"name":"wp","href":"https:\/\/api.w.org\/{rel}","templated":true}]}}