{"id":136,"date":"2015-07-01T13:29:51","date_gmt":"2015-07-01T11:29:51","guid":{"rendered":"http:\/\/www.sigmund-schuckert-gymnasium.de\/wordpress\/?page_id=136"},"modified":"2016-03-01T14:36:03","modified_gmt":"2016-03-01T13:36:03","slug":"zweige","status":"publish","type":"page","link":"https:\/\/www.sigmund-schuckert-gymnasium.de\/wordpress\/zweige\/","title":{"rendered":"Zweige"},"content":{"rendered":"<div class=\"item-page\">\n<p>Die Schule bietet ab der 8. Klasse die M\u00f6glichkeit zwischen dem Naturwissenschaftlich-technologischen Zweig (NTG) und dem Sprachlichen Zweig (SG) zu w\u00e4hlen. Die beiden Ausbildungsrichtungen werden in den Jahrgangsstufen 5 bis 7 zweigunabh\u00e4ngig mit einheitlichem F\u00e4cherangebot gef\u00fchrt.<\/p>\n<p>In der 5. Jahrgangsstufe starten die Sch\u00fclerinnen und Sch\u00fcler mit Englisch als erster Fremdsprache.<\/p>\n<p>In der 6. Jahrgangsstufe besteht am SSG die Wahl zwischen Latein und Franz\u00f6sisch. Wer Franz\u00f6sisch als zweite Fremdsprache w\u00e4hlt, entscheidet sich f\u00fcr den naturwissenschaftlich-technologischen Zweig.<\/p>\n<p>Wer Latein als zweite Fremdsprache w\u00e4hlt, kann in der 8. Jahrgangsstufe zwischen beiden Zweigen w\u00e4hlen.<\/p>\n<p>F\u00fcr Sch\u00fcler, die sich in der sechsten Klasse f\u00fcr Latein und in der 8. Jahrgangsstufe f\u00fcr den Sprachlichen Zweig entschieden haben, besteht die M\u00f6glichkeit Latein nach der 9. Klasse mit einer Pr\u00fcfung abzulegen und so das gro\u00dfe Latinum zu erwerben, um in der 10. Jahrgangsstufe Spanisch als sp\u00e4tbeginnende weitere moderne Fremdsprache bis zum Abitur zu w\u00e4hlen.<\/p>\n<\/div>\n","protected":false},"excerpt":{"rendered":"<p>Die Schule bietet ab der 8. Klasse die M\u00f6glichkeit zwischen dem Naturwissenschaftlich-technologischen Zweig (NTG) und<\/p>\n","protected":false},"author":1,"featured_media":0,"parent":0,"menu_order":0,"comment_status":"closed","ping_status":"closed","template":"","meta":{"cybocfi_hide_featured_image":"","footnotes":""},"class_list":["post-136","page","type-page","status-publish","hentry"],"_links":{"self":[{"href":"https:\/\/www.sigmund-schuckert-gymnasium.de\/wordpress\/wp-json\/wp\/v2\/pages\/136","targetHints":{"allow":["GET"]}}],"collection":[{"href":"https:\/\/www.sigmund-schuckert-gymnasium.de\/wordpress\/wp-json\/wp\/v2\/pages"}],"about":[{"href":"https:\/\/www.sigmund-schuckert-gymnasium.de\/wordpress\/wp-json\/wp\/v2\/types\/page"}],"author":[{"embeddable":true,"href":"https:\/\/www.sigmund-schuckert-gymnasium.de\/wordpress\/wp-json\/wp\/v2\/users\/1"}],"replies":[{"embeddable":true,"href":"https:\/\/www.sigmund-schuckert-gymnasium.de\/wordpress\/wp-json\/wp\/v2\/comments?post=136"}],"version-history":[{"count":5,"href":"https:\/\/www.sigmund-schuckert-gymnasium.de\/wordpress\/wp-json\/wp\/v2\/pages\/136\/revisions"}],"predecessor-version":[{"id":979,"href":"https:\/\/www.sigmund-schuckert-gymnasium.de\/wordpress\/wp-json\/wp\/v2\/pages\/136\/revisions\/979"}],"wp:attachment":[{"href":"https:\/\/www.sigmund-schuckert-gymnasium.de\/wordpress\/wp-json\/wp\/v2\/media?parent=136"}],"curies":[{"name":"wp","href":"https:\/\/api.w.org\/{rel}","templated":true}]}}