{"id":122,"date":"2015-07-01T13:29:00","date_gmt":"2015-07-01T11:29:00","guid":{"rendered":"http:\/\/www.sigmund-schuckert-gymnasium.de\/wordpress\/?page_id=122"},"modified":"2024-09-20T10:23:27","modified_gmt":"2024-09-20T08:23:27","slug":"verwaltung","status":"publish","type":"page","link":"https:\/\/www.sigmund-schuckert-gymnasium.de\/wordpress\/verwaltung\/","title":{"rendered":"Verwaltung"},"content":{"rendered":"<div class=\"item-page\">\n<div style=\"text-align: center;\">Kontakt<\/div>\n<div><\/div>\n<div style=\"text-align: center;\">Sigmund-Schuckert-Gymnasium<\/div>\n<p style=\"text-align: center;\">Pommernstr. 10<br \/>\n90451 N\u00fcrnberg<\/p>\n<p style=\"text-align: center;\"><img loading=\"lazy\" decoding=\"async\" class=\"alignright wp-image-7341 size-full\" src=\"https:\/\/www.sigmund-schuckert-gymnasium.de\/wordpress\/wp-content\/uploads\/2024\/09\/IMG_6115-002.jpg\" alt=\"\" width=\"1664\" height=\"1111\" srcset=\"https:\/\/www.sigmund-schuckert-gymnasium.de\/wordpress\/wp-content\/uploads\/2024\/09\/IMG_6115-002.jpg 1664w, https:\/\/www.sigmund-schuckert-gymnasium.de\/wordpress\/wp-content\/uploads\/2024\/09\/IMG_6115-002-300x200.jpg 300w, https:\/\/www.sigmund-schuckert-gymnasium.de\/wordpress\/wp-content\/uploads\/2024\/09\/IMG_6115-002-1024x684.jpg 1024w, https:\/\/www.sigmund-schuckert-gymnasium.de\/wordpress\/wp-content\/uploads\/2024\/09\/IMG_6115-002-768x513.jpg 768w, https:\/\/www.sigmund-schuckert-gymnasium.de\/wordpress\/wp-content\/uploads\/2024\/09\/IMG_6115-002-1536x1026.jpg 1536w, https:\/\/www.sigmund-schuckert-gymnasium.de\/wordpress\/wp-content\/uploads\/2024\/09\/IMG_6115-002-120x80.jpg 120w\" sizes=\"auto, (max-width: 1664px) 100vw, 1664px\" \/><\/p>\n<p style=\"text-align: center;\"><strong>UNSERE MITARBEITERINNEN<\/strong><\/p>\n<p style=\"text-align: center;\">(von links nach rechts)<\/p>\n<p style=\"text-align: center;\">VA Andrea Schuster<\/p>\n<p style=\"text-align: center;\">VA Irina Berg<\/p>\n<p style=\"text-align: center;\">VA Maren K\u00f6stner<\/p>\n<p style=\"text-align: center;\">VA Karin Briesnitz<\/p>\n<p style=\"text-align: center;\">VA \u00d6zlem Yildirim<\/p>\n<p style=\"text-align: center;\">\n<p style=\"text-align: center;\"><strong>\u00d6FFNUNGSZEITEN DES SEKRETARIATS<\/strong><\/p>\n<p style=\"text-align: center;\"><strong>Montag &#8211; Donnerstag<\/strong>\u00a0\u00a0\u00a0\u00a0 7:30 &#8211; 16:00 Uhr<\/p>\n<p style=\"text-align: center;\"><strong>Freitag\u00a0\u00a0\u00a0<\/strong>\u00a0\u00a0 \u00a0\u00a0\u00a0\u00a0\u00a0\u00a0\u00a0\u00a0\u00a0\u00a0\u00a0\u00a0\u00a0\u00a0\u00a0\u00a0\u00a0 \u00a0 \u00a0 \u00a0 7:30 &#8211; 14:00 Uhr<\/p>\n<p style=\"text-align: center;\">Telefon: 0911\/231 68040<br \/>\nFax: 0911\/231 68041<br \/>\nE-Mail: <span id=\"cloak39196\"><a href=\"mailto:info@sigmund-schuckert-gymnasium.de\">info@sigmund-schuckert-gymnasium.de<\/a><\/span><\/p>\n<p style=\"text-align: center;\"><strong> Bitte beachten Sie: In den Ferien werden die \u00d6ffnungszeiten gem\u00e4\u00df Aushang geregelt!<\/strong><\/p>\n<p style=\"text-align: center;\"><strong> Auf unseren Fluren finden Sie unseren Hausmeister<br \/>\n<\/strong><\/p>\n<p style=\"text-align: center;\"><strong>Herrn Dieter H\u00e4berlein \u00a0\u00a0\u00a0<\/strong><\/p>\n<p>&nbsp;<\/p>\n<p>&nbsp;<\/p>\n<p>&nbsp;<\/p>\n<p>&nbsp;<\/p>\n<p>&nbsp;<\/p>\n<\/div>\n","protected":false},"excerpt":{"rendered":"<p>Kontakt Sigmund-Schuckert-Gymnasium Pommernstr. 10 90451 N\u00fcrnberg UNSERE MITARBEITERINNEN (von links nach rechts) VA Andrea Schuster<\/p>\n","protected":false},"author":1,"featured_media":0,"parent":0,"menu_order":0,"comment_status":"closed","ping_status":"closed","template":"","meta":{"cybocfi_hide_featured_image":"","footnotes":""},"class_list":["post-122","page","type-page","status-publish","hentry"],"_links":{"self":[{"href":"https:\/\/www.sigmund-schuckert-gymnasium.de\/wordpress\/wp-json\/wp\/v2\/pages\/122","targetHints":{"allow":["GET"]}}],"collection":[{"href":"https:\/\/www.sigmund-schuckert-gymnasium.de\/wordpress\/wp-json\/wp\/v2\/pages"}],"about":[{"href":"https:\/\/www.sigmund-schuckert-gymnasium.de\/wordpress\/wp-json\/wp\/v2\/types\/page"}],"author":[{"embeddable":true,"href":"https:\/\/www.sigmund-schuckert-gymnasium.de\/wordpress\/wp-json\/wp\/v2\/users\/1"}],"replies":[{"embeddable":true,"href":"https:\/\/www.sigmund-schuckert-gymnasium.de\/wordpress\/wp-json\/wp\/v2\/comments?post=122"}],"version-history":[{"count":13,"href":"https:\/\/www.sigmund-schuckert-gymnasium.de\/wordpress\/wp-json\/wp\/v2\/pages\/122\/revisions"}],"predecessor-version":[{"id":7342,"href":"https:\/\/www.sigmund-schuckert-gymnasium.de\/wordpress\/wp-json\/wp\/v2\/pages\/122\/revisions\/7342"}],"wp:attachment":[{"href":"https:\/\/www.sigmund-schuckert-gymnasium.de\/wordpress\/wp-json\/wp\/v2\/media?parent=122"}],"curies":[{"name":"wp","href":"https:\/\/api.w.org\/{rel}","templated":true}]}}