{"id":108,"date":"2015-06-22T12:18:43","date_gmt":"2015-06-22T10:18:43","guid":{"rendered":"http:\/\/www.sigmund-schuckert-gymnasium.de\/wordpress\/?page_id=108"},"modified":"2025-07-15T19:03:19","modified_gmt":"2025-07-15T17:03:19","slug":"schulleitung","status":"publish","type":"page","link":"https:\/\/www.sigmund-schuckert-gymnasium.de\/wordpress\/schulleitung\/","title":{"rendered":"Schulleitung"},"content":{"rendered":"<h2 style=\"text-align: right;\">OStDin P\u00f6llmann<\/h2>\n<h2 style=\"text-align: right;\"><img loading=\"lazy\" decoding=\"async\" class=\"alignright wp-image-5884\" src=\"https:\/\/www.sigmund-schuckert-gymnasium.de\/wordpress\/wp-content\/uploads\/2022\/06\/Nina-Poellmann-SSG54027_3.jpg\" alt=\"\" width=\"236\" height=\"354\" srcset=\"https:\/\/www.sigmund-schuckert-gymnasium.de\/wordpress\/wp-content\/uploads\/2022\/06\/Nina-Poellmann-SSG54027_3.jpg 1181w, https:\/\/www.sigmund-schuckert-gymnasium.de\/wordpress\/wp-content\/uploads\/2022\/06\/Nina-Poellmann-SSG54027_3-200x300.jpg 200w, https:\/\/www.sigmund-schuckert-gymnasium.de\/wordpress\/wp-content\/uploads\/2022\/06\/Nina-Poellmann-SSG54027_3-682x1024.jpg 682w, https:\/\/www.sigmund-schuckert-gymnasium.de\/wordpress\/wp-content\/uploads\/2022\/06\/Nina-Poellmann-SSG54027_3-768x1152.jpg 768w, https:\/\/www.sigmund-schuckert-gymnasium.de\/wordpress\/wp-content\/uploads\/2022\/06\/Nina-Poellmann-SSG54027_3-1024x1536.jpg 1024w\" sizes=\"auto, (max-width: 236px) 100vw, 236px\" \/><\/h2>\n<p>Frau P\u00f6llmann ist in Franken tief verwurzelt. Als geb\u00fcrtige F\u00fcrtherin ist sie in ihrer Geburtsstadt auch aufgewachsen und hat dort 1989 am humanistischen Heinrich-Schliemann-Gymnasium ihre Abiturpr\u00fcfung abgelegt. In der Nachbarstadt Erlangen studierte sie anschlie\u00dfend die F\u00e4cher Mathematik und Physik f\u00fcr das Lehramt. Ersten beruflichen Kontakt mit N\u00fcrnberg hatte sie w\u00e4hrend ihres Referendariats am Martin-Behaim-Gymnasium, wobei sie auch ihre Zweigschulausbildung am Hardenberg-Gymnasium wieder nach F\u00fcrth zur\u00fcckf\u00fchrte. Eine Anstellung an der Berufsoberschule in Bamberg brachte sie f\u00fcr ein Jahr nach Oberfranken, im August 2000 kehrte sie aber nach Mittelfranken zur\u00fcck. Seitdem ist sie am Sigmund-Schuckert-Gymnasium mit vielf\u00e4ltigen Aufgabengebieten, immer auf ein \u201eMiteinander\u201c und \u201eZusammen\u201c bedacht. Neben vielem Anderen hat sie das Programm \u201eLernen lernen\u201c f\u00fcr die f\u00fcnften Klassen mitentwickelt, die Intensivierungsstunden organisatorisch betreut, war als Personalr\u00e4tin wichtige Ansprechpartnerin des Kollegiums und hat an der Stundenplanerstellung mitgewirkt.<\/p>\n<p>Eine dritte Heimat neben der Familie (mit drei Kindern) und dem SSG ist f\u00fcr Frau P\u00f6llmann der F\u00fcrther Ronhof, ein weiteres Hobby ist die Mitwirkung im Kirchenchor.<\/p>\n<p>Seit 2011 ist sie in der Schulleitung. Bis zum Schuljahr 2015\/16 als Mitarbeiterin, wo ihr Hauptaufgabengebiet die Erstellung des Vertretungsplans war, ab dem Schuljahr 2016\/17 dann als st\u00e4ndige Stellvertreterin des Schulleiters und nun als Schulleiterin des Sigmund-Schuckert-Gymnasiums.<\/p>\n<p>Ihre wesentlichen Aufgaben sind:<\/p>\n<ul>\n<li>Vorsitz im <strong>A<\/strong>biturpr\u00fcfungsausschuss<\/li>\n<li>Entscheidung \u00fcber die <strong>A<\/strong>ufnahme nach Probeunterricht und \u2013zeit<\/li>\n<li>Aufnahme von <strong>G<\/strong>astsch\u00fclern<\/li>\n<li><strong>A<\/strong>u\u00dfenvertretung der Schule<\/li>\n<li><strong>B<\/strong>eurteilung der Lehrkr\u00e4fte<\/li>\n<li>Vorsitzender im <strong>D<\/strong>isziplinarausschuss<\/li>\n<li>Vertretung der Lehrerschaft im <strong>E<\/strong>lternbeirat<\/li>\n<li>Leitung von <strong>F<\/strong>achsitzungen<\/li>\n<li>Erlass einer <strong>H<\/strong>ausordnung: unter Mitwirkung der Personalvertretung, des Schulforums und des Aufwandstr\u00e4gers<\/li>\n<li>Wahrnehmung des <strong>H<\/strong>ausrechts<\/li>\n<li><strong>H<\/strong>ausverwaltender Schulleiter des Schulzentrums S\u00fcdwest<\/li>\n<li>Vorbereitung und Durchf\u00fchrung von <strong>L<\/strong>ehrerkonferenzen<\/li>\n<li><strong>M<\/strong>onatsgespr\u00e4che mit dem \u00f6rtlichen Personalrat<\/li>\n<li>\u00dcberwachung der <strong>O<\/strong>rdnungsma\u00dfnahmen<\/li>\n<li>Vorsitz im <strong>S<\/strong>chulforum<\/li>\n<\/ul>\n<p>Sie erreichen Frau P\u00f6llmann unter folgender Email-Adresse:<\/p>\n<p><a href=\"mailto:c.poellmann@sigmund-schuckert-gymnasium.de\">c.poellmann@sigmund-schuckert-gymnasium.de<\/a><\/p>\n<h2 style=\"text-align: right;\">StD Mohr<\/h2>\n<h2 style=\"text-align: right;\"><img loading=\"lazy\" decoding=\"async\" class=\"size-medium wp-image-3588 alignleft\" src=\"https:\/\/www.sigmund-schuckert-gymnasium.de\/wordpress\/wp-content\/uploads\/2018\/10\/MOH-200x300.jpg\" alt=\"\" width=\"200\" height=\"300\" srcset=\"https:\/\/www.sigmund-schuckert-gymnasium.de\/wordpress\/wp-content\/uploads\/2018\/10\/MOH-200x300.jpg 200w, https:\/\/www.sigmund-schuckert-gymnasium.de\/wordpress\/wp-content\/uploads\/2018\/10\/MOH-768x1151.jpg 768w, https:\/\/www.sigmund-schuckert-gymnasium.de\/wordpress\/wp-content\/uploads\/2018\/10\/MOH-683x1024.jpg 683w, https:\/\/www.sigmund-schuckert-gymnasium.de\/wordpress\/wp-content\/uploads\/2018\/10\/MOH-700x1049.jpg 700w, https:\/\/www.sigmund-schuckert-gymnasium.de\/wordpress\/wp-content\/uploads\/2018\/10\/MOH-332x497.jpg 332w, https:\/\/www.sigmund-schuckert-gymnasium.de\/wordpress\/wp-content\/uploads\/2018\/10\/MOH.jpg 1367w\" sizes=\"auto, (max-width: 200px) 100vw, 200px\" \/><\/h2>\n<p>Herr Mohr ist als geb\u00fcrtiger Hanseat aus dem hohen Norden \u00fcber Oberbayern im Fr\u00e4nkischen gelandet.<\/p>\n<p>Als 16j\u00e4hriger lebte er als Austauschsch\u00fcler ein Jahr in den USA. Nicht zuletzt diese Erfahrung veranlasste ihn, Theologie und Sportwissenschaften auf Lehramt zu studieren. In Hamburg absolvierte er sein Referendariat bevor er an mehreren Gymnasien in Oberbayern unterrichtete, darunter auch 10 Jahre an einer reformp\u00e4dagogischen Internatsschule in der N\u00e4he von Bad T\u00f6lz. Zuletzt war er Mittelstufenbetreuer am neugegr\u00fcndeten Gymnasium Holzkirchen\/Obb.<\/p>\n<p>In seiner Freizeit engagiert er sich ehrenamtlich f\u00fcr seine alte Austauschorganisation (Youth For Understanding e.V.) und ist daf\u00fcr \u00f6fters im Nahen Osten unterwegs. Dar\u00fcber hinaus interessiert er sich f\u00fcr Fu\u00dfball jeglicher Art und spielt nach eigener Aussage viel zu selten sein Cello.<\/p>\n<p>Seine wesentlichen Aufgaben sind:<\/p>\n<ul>\n<li>Neuanmeldungen und Abmeldungen<\/li>\n<li>Klassenbildung<\/li>\n<li>Klassenfahrten<\/li>\n<li>Inklusion<\/li>\n<li>Unterrichtsverteilung<\/li>\n<li>Stundenbudget<\/li>\n<li>Lehr- und Lernmittelausschuss<\/li>\n<li>Teilzeitvertr\u00e4ge<\/li>\n<li>Schulhaushalt<\/li>\n<li>Reisekostenetat<\/li>\n<\/ul>\n<p>Sie erreichen Herrn Mohr unter folgender Email-Adresse:<\/p>\n<p><a href=\"mailto:g.mohr@sigmund-schuckert-gymnasium.de\">g.mohr@sigmund-schuckert-gymnasium.de<\/a><\/p>\n<p>&nbsp;<\/p>\n<h2 style=\"text-align: right;\">StD Pugler<\/h2>\n<p><img loading=\"lazy\" decoding=\"async\" class=\"size-full wp-image-1491 alignright\" src=\"https:\/\/www.sigmund-schuckert-gymnasium.de\/wordpress\/wp-content\/uploads\/2016\/09\/pugler.jpg\" alt=\"pugler\" width=\"214\" height=\"320\" srcset=\"https:\/\/www.sigmund-schuckert-gymnasium.de\/wordpress\/wp-content\/uploads\/2016\/09\/pugler.jpg 214w, https:\/\/www.sigmund-schuckert-gymnasium.de\/wordpress\/wp-content\/uploads\/2016\/09\/pugler-201x300.jpg 201w\" sizes=\"auto, (max-width: 214px) 100vw, 214px\" \/>StD Roland Pugler, geboren in Bukarest, Rum\u00e4nien, ist ein F\u00fcrther, was ihn absolut nicht davon abh\u00e4lt, sich in N\u00fcrnbergs S\u00fcden f\u00fcr die Belange \u201eseiner\u201c Schule stark zu machen.<\/p>\n<p>Er kam bereits als Referendar im Schuljahr 2004\/2005 ans SSG und bekam im darauffolgenden Schuljahr an ebengleicher Stelle seine erste Festanstellung. Seitdem versucht er gemeinsam mit der gesamten Schulfamilie, das Sigmund-Schuckert-Gymnasium jeden Tag noch ein wenig besser zu machen.<\/p>\n<p>Neben u.a. der Aufgabe als st\u00e4ndiger Ansprechpartner f\u00fcr Sch\u00fclerInnen, Eltern und KollegInnen zu fungieren, stellt v.a. das Regeln von Disziplinarangelegenheiten und der offene Ganztag seinen T\u00e4tigkeitsschwerpunkt dar.<\/p>\n<p>Sie erreichen Hr. Roland Pugler unter folgender Email-Adresse:<\/p>\n<p><a href=\"mailto:r.pugler@sigmund-schuckert-gymnasium.de\">r.pugler@sigmund-schuckert-gymnasium.de<\/a><\/p>\n<h2 style=\"text-align: right;\">StD Veit<\/h2>\n<p>StD Wolfgang Veit, geboren in F\u00fcrth, ist jeden Schultag aus Erlangen kommend einer der ersten im SSG, um sich dort zun\u00e4chst dem Vertretungsplan zu widmen.<\/p>\n<p>Sein Hauptaufgabengebiet liegt neben dem Vertretungsplan bei der r\u00e4umlichen und zeitlichen Koordination aller den Schulalltag betreffenden Fragen sowie der Abrechnung von Mehrarbeit f\u00fcr das Kollegium.<\/p>\n<p>Zus\u00e4tzlich zu seinen Aufgaben im Direktorat fungiert er als Ansprechpartner f\u00fcr den Sch\u00fcleraustausch mit La R\u00e9union und unterrichtet seit 2007 vor allem Englisch und Franz\u00f6sisch am Sigmund-Schuckert-Gymnasium.<\/p>\n<p>Sie erreichen Herrn Wolfgang Veit unter folgender E-Mail-Adresse:<\/p>\n<p><a href=\"mailto:w.veit@sigmund-schuckert-gymnasium.de\">w.veit@sigmund-schuckert-gymnasium.de<\/a><\/p>\n<h2 style=\"text-align: right;\">StD Zeller<\/h2>\n<p>Stefan Zeller ist im N\u00fcrnberger Land aufgewachsen und als waschechter Franke auch heute noch dort mit seiner Familie zuhause. Er pendelt meist mit der S-Bahn nach Eibach.<\/p>\n<p>Nach dem Studium des Lehramts f\u00fcr Mathematik sowie Wirtschaft und Recht in Erlangen, schloss sich das Referendariat in F\u00fcrth und W\u00fcrzburg an. Er kam im Februar 2006 ans SSG \u2013 und ist seitdem begeisterter SSG\u2019ler! Schule miteinander zu gestalten macht ihm einfach Spa\u00df, z.B. als langj\u00e4hriger Fachbetreuer in Wirtschaft und Recht oder als Organisator des Ehemaligeninfoabends.<\/p>\n<p>Im Direktorat k\u00fcmmert er sich um die Finanzen am SSG, sei es der Haushalt der Stadt N\u00fcrnberg oder eigene Mittel der Schule. Au\u00dferdem ist er (meist zusammen mit anderen Kolleginnen und Kollegen) f\u00fcr viele digitale Anwendungen verantwortlich, z.B. ESIS, mebis, Notenmanager usw.<\/p>\n<p>In seiner Freizeit liest er gerne, spielt neben Gesellschaftsspielen auch Schafkopf \u2013 und mag Kuchen.<\/p>\n<p>Sie erreichen Herrn Stefan Zeller unter folgender E-Mail-Adresse:<\/p>\n<p><a href=\"mailto:s.zeller@sigmund-schuckert-gymnasium.de\">s.zeller@sigmund-schuckert-gymnasium.de<\/a><\/p>\n","protected":false},"excerpt":{"rendered":"<p>OStDin P\u00f6llmann Frau P\u00f6llmann ist in Franken tief verwurzelt. Als geb\u00fcrtige F\u00fcrtherin ist sie in<\/p>\n","protected":false},"author":1,"featured_media":0,"parent":0,"menu_order":0,"comment_status":"closed","ping_status":"closed","template":"","meta":{"cybocfi_hide_featured_image":"","footnotes":""},"class_list":["post-108","page","type-page","status-publish","hentry"],"_links":{"self":[{"href":"https:\/\/www.sigmund-schuckert-gymnasium.de\/wordpress\/wp-json\/wp\/v2\/pages\/108","targetHints":{"allow":["GET"]}}],"collection":[{"href":"https:\/\/www.sigmund-schuckert-gymnasium.de\/wordpress\/wp-json\/wp\/v2\/pages"}],"about":[{"href":"https:\/\/www.sigmund-schuckert-gymnasium.de\/wordpress\/wp-json\/wp\/v2\/types\/page"}],"author":[{"embeddable":true,"href":"https:\/\/www.sigmund-schuckert-gymnasium.de\/wordpress\/wp-json\/wp\/v2\/users\/1"}],"replies":[{"embeddable":true,"href":"https:\/\/www.sigmund-schuckert-gymnasium.de\/wordpress\/wp-json\/wp\/v2\/comments?post=108"}],"version-history":[{"count":30,"href":"https:\/\/www.sigmund-schuckert-gymnasium.de\/wordpress\/wp-json\/wp\/v2\/pages\/108\/revisions"}],"predecessor-version":[{"id":8384,"href":"https:\/\/www.sigmund-schuckert-gymnasium.de\/wordpress\/wp-json\/wp\/v2\/pages\/108\/revisions\/8384"}],"wp:attachment":[{"href":"https:\/\/www.sigmund-schuckert-gymnasium.de\/wordpress\/wp-json\/wp\/v2\/media?parent=108"}],"curies":[{"name":"wp","href":"https:\/\/api.w.org\/{rel}","templated":true}]}}